{"id":11616,"date":"2025-12-17T22:38:27","date_gmt":"2025-12-17T21:38:27","guid":{"rendered":"https:\/\/www.alifbadesign.com\/?post_type=product&#038;p=11616"},"modified":"2026-01-13T10:00:17","modified_gmt":"2026-01-13T09:00:17","slug":"%d8%b5%d9%86%d8%af%d9%88%d9%82-%d8%a7%d9%84%d8%a8%d9%87%d8%ac%d8%a9-2026-%d8%b9%d8%b7%d8%a7%d8%a1","status":"publish","type":"product","link":"https:\/\/www.alifbadesign.com\/fr\/produit\/%d8%b5%d9%86%d8%af%d9%88%d9%82-%d8%a7%d9%84%d8%a8%d9%87%d8%ac%d8%a9-2026-%d8%b9%d8%b7%d8%a7%d8%a1\/","title":{"rendered":"Joy Box 2026 (Don)"},"content":{"rendered":"","protected":false},"excerpt":{"rendered":"<style>\n body {\n  --primary: #083828;\n }\n .summary {\n }\n.variable-item-radio-value-wrapper .price, .single-product div.product table.variations label:after {\n  display: none\n}\n.variable-item-radio-value-wrapper {\n  visibility: hidden;\n}\n.variable-item-radio-value, .woo-variation-swatches .wvs-style-squared.variable-items-wrapper .variable-item.radio-variable-item img {\n  visibility: visible\n}\n<\/style>\n<div style=\"    margin-bottom: 25px;\">La Joy Box est votre compagnon id\u00e9al pour organiser vos objectifs et d\u00e9velopper vos habitudes en \u00e9tapes simples et pratiques. Sp\u00e9cialement con\u00e7u pour vous motiver \u00e0 atteindre vos objectifs en toute confiance, dans une atmosph\u00e8re pleine de joie tout au long de l'ann\u00e9e. Il comprend des outils diff\u00e9rents et distinctifs qui vous aident \u00e0 planifier efficacement et \u00e0 atteindre un \u00e9quilibre dans votre vie, vous rapprochant chaque jour de la meilleure version de vous-m\u00eame.<\/div>\n<div style=\"font-size: 16px;\">Contenu de la box:<\/div>\n<div style=\"--cardColor: 8, 56, 40;\">\n<ol class=\"olcards\">\n<li>\n<div class=\"icon\"><img decoding=\"async\" width=\"200\" height=\"200\" class=\"alignnone size-full wp-image-9887\" src=\"https:\/\/www.alifbadesign.com\/wp-content\/uploads\/2023\/12\/Daily.png\" srcset=\"https:\/\/i0.wp.com\/www.alifbadesign.com\/wp-content\/uploads\/2023\/12\/Daily.png?w=200&amp;ssl=1 200w, https:\/\/i0.wp.com\/www.alifbadesign.com\/wp-content\/uploads\/2023\/12\/Daily.png?resize=100%2C100&amp;ssl=1 100w, https:\/\/i0.wp.com\/www.alifbadesign.com\/wp-content\/uploads\/2023\/12\/Daily.png?resize=150%2C150&amp;ssl=1 150w, https:\/\/i0.wp.com\/www.alifbadesign.com\/wp-content\/uploads\/2023\/12\/Daily.png?resize=50%2C50&amp;ssl=1 50w, https:\/\/i0.wp.com\/www.alifbadesign.com\/wp-content\/uploads\/2023\/12\/Daily.png?resize=96%2C96&amp;ssl=1 96w\" sizes=\"(max-width: 200px) 100vw, 200px\" \/><\/div>\n<div class=\"content\">\n<div>\n<div class=\"title\">Agenda quotidien<\/div>\n<div class=\"text\">416 pages<\/div>\n<\/div>\n<\/div>\n<\/li>\n<li>\n<div class=\"icon\"><img decoding=\"async\" class=\"alignnone size-full wp-image-9887\" src=\"https:\/\/www.alifbadesign.com\/wp-content\/uploads\/2023\/12\/Weekly.png\"><\/div>\n<div class=\"content\">\n<div>\n<div class=\"title\">Planificateur hebdomadaire<\/div>\n<div class=\"text\">54 semaines<\/div>\n<\/div>\n<\/div>\n<\/li>\n<li>\n<div class=\"icon\"><img decoding=\"async\" class=\"alignnone size-full wp-image-9887\" src=\"https:\/\/www.alifbadesign.com\/wp-content\/uploads\/2023\/12\/Monthly.png\"><\/div>\n<div class=\"content\">\n<div>\n<div class=\"title\">Calendrier de bureau<\/div>\n<div class=\"text\">Planificateur mensuel<\/div>\n<\/div>\n<\/div>\n<\/li>\n<li>\n<div class=\"icon\"><img decoding=\"async\" class=\"alignnone size-full wp-image-9887\" src=\"https:\/\/www.alifbadesign.com\/wp-content\/uploads\/2023\/12\/Yearly.png\"><\/div>\n<div class=\"content\">\n<div>\n<div class=\"title\">Planificateur annuel<\/div>\n<div class=\"text\">Grande taille<\/div>\n<\/div>\n<\/div>\n<\/li>\n<li>\n<div class=\"icon\"><img decoding=\"async\" class=\"alignnone size-full wp-image-9887\" src=\"https:\/\/www.alifbadesign.com\/wp-content\/uploads\/2023\/12\/DoubleWired.png\"><\/div>\n<div class=\"content\">\n<div>\n<div class=\"title\">Bloc notes<\/div>\n<div class=\"text\">Format pratique pour l'\u00e9criture libre<\/div>\n<\/div>\n<\/div>\n<\/li>\n<li>\n<div class=\"icon\"><img decoding=\"async\" class=\"alignnone size-full wp-image-9887\" src=\"https:\/\/www.alifbadesign.com\/wp-content\/uploads\/2023\/12\/Bookmark.png\"><\/div>\n<div class=\"content\">\n<div>\n<div class=\"title\">Marque pages<\/div>\n<div class=\"text\">Avec un calendrier<\/div>\n<\/div>\n<\/div>\n<\/li>\n<li>\n<div class=\"icon\"><img decoding=\"async\" class=\"alignnone size-full wp-image-9887\" src=\"https:\/\/www.alifbadesign.com\/wp-content\/uploads\/2023\/12\/Stickers.png\"><\/div>\n<div class=\"content\">\n<div>\n<div class=\"title\">Stickers<\/div>\n<div class=\"text\">Divers<\/div>\n<\/div>\n<\/div>\n<\/li>\n<li>\n<div class=\"icon\"><img decoding=\"async\" class=\"alignnone size-full wp-image-9887\" src=\"https:\/\/www.alifbadesign.com\/wp-content\/uploads\/2023\/12\/Pen.png\"><\/div>\n<div class=\"content\">\n<div>\n<div class=\"title\">Stylo<\/div>\n<div class=\"text\">\u00c9l\u00e9gant et de la m\u00eame couleur<\/div>\n<\/div>\n<\/div>\n<\/li>\n<li>\n<div class=\"icon\"><img decoding=\"async\" class=\"alignnone size-full wp-image-9887\" src=\"https:\/\/www.alifbadesign.com\/wp-content\/uploads\/2023\/12\/GiftCard.png\"><\/div>\n<div class=\"content\">\n<div>\n<div class=\"title\">Carte cadeau<\/div>\n<div class=\"text\">Pour \u00e9crire des mots sp\u00e9ciaux<\/div>\n<\/div>\n<\/div>\n<\/li>\n<\/ol>\n<div style=\"    width: 100%;    text-align: center;    color: white;    padding: 20px 43px 0px 43px;\"><\/div>\n<\/div>","protected":false},"featured_media":11621,"template":"","meta":{"nf_dc_page":""},"product_cat":[80],"product_tag":[],"class_list":{"0":"post-11616","1":"product","2":"type-product","3":"status-publish","4":"has-post-thumbnail","6":"product_cat-joy-box","8":"first","9":"outofstock","10":"sale","11":"shipping-taxable","12":"purchasable","13":"product-type-variable","14":"rtwpvg-product"},"yoast_head":"<!-- This site is optimized with the Yoast SEO plugin v27.4 - https:\/\/yoast.com\/product\/yoast-seo-wordpress\/ -->\n<title>\u0635\u0646\u062f\u0648\u0642 \u0627\u0644\u0628\u0647\u062c\u0629 2026 (\u0639\u0637\u0627\u0621) - \u0623\u0644\u0641 \u0628\u0627\u0621 \u0644\u0644\u062a\u0651\u0635\u0645\u064a\u0645<\/title>\n<meta name=\"robots\" content=\"index, follow, max-snippet:-1, max-image-preview:large, max-video-preview:-1\" \/>\n<link rel=\"canonical\" href=\"https:\/\/www.alifbadesign.com\/fr\/produit\/\u0635\u0646\u062f\u0648\u0642-\u0627\u0644\u0628\u0647\u062c\u0629-2026-\u0639\u0637\u0627\u0621\/\" \/>\n<meta property=\"og:locale\" content=\"fr_FR\" \/>\n<meta property=\"og:type\" content=\"article\" \/>\n<meta property=\"og:title\" content=\"\u0635\u0646\u062f\u0648\u0642 \u0627\u0644\u0628\u0647\u062c\u0629 2026 (\u0639\u0637\u0627\u0621) - \u0623\u0644\u0641 \u0628\u0627\u0621 \u0644\u0644\u062a\u0651\u0635\u0645\u064a\u0645\" \/>\n<meta property=\"og:description\" content=\"\u0635\u0646\u062f\u0648\u0642 \u0627\u0644\u0628\u0647\u062c\u0629 \u0631\u0641\u064a\u0642\u0643\u0645 \u0627\u0644\u0645\u062b\u0627\u0644\u064a \u0644\u062a\u0646\u0638\u064a\u0645 \u0623\u0647\u062f\u0627\u0641\u0643\u0645 \u0648\u062a\u0637\u0648\u064a\u0631 \u0639\u0627\u062f\u0627\u062a\u0643\u0645 \u0628\u062e\u0637\u0648\u0627\u062a \u0628\u0633\u064a\u0637\u0629 \u0648\u0639\u0645\u0644\u064a\u0651\u0629. \u0645\u0635\u0645\u0645 \u062e\u0635\u0651\u064a\u0635\u0627 \u0644\u062a\u062d\u0641\u064a\u0632\u0643\u0645 \u0639\u0644\u0649 \u062a\u062d\u0642\u064a\u0642 \u0623\u0647\u062f\u0627\u0641\u0643\u0645 \u0628\u062e\u0637\u0648\u0627\u062a \u0648\u0627\u062b\u0642\u0629\u060c \u0645\u0639 \u0623\u062c\u0648\u0627\u0621 \u0645\u0641\u0639\u0645\u0629 \u0628\u0627\u0644\u0628\u0647\u062c\u0629 \u0637\u0648\u0627\u0644 \u0639\u0627\u0645 \u0643\u0627\u0645\u0644. \u064a\u0636\u0645\u0651 \u0623\u062f\u0648\u0627\u062a \u0645\u062e\u062a\u0644\u0641\u0629 \u0648\u0645\u0645\u064a\u0651\u0632\u0629 \u062a\u0633\u0627\u0639\u062f\u0643 \u0639\u0644\u0649 \u0627\u0644\u062a\u0651\u062e\u0637\u064a\u0637 \u0628\u0641\u0639\u0627\u0644\u064a\u0651\u0629 \u0648\u062a\u062d\u0642\u064a\u0642 \u0627\u0644\u062a\u0651\u0648\u0627\u0632\u0646 \u0641\u064a \u062d\u064a\u0627\u062a\u0643 \u0644\u062a\u062c\u0639\u0644\u0643 \u0643\u0644\u0651 \u064a\u0648\u0645 \u0623\u0642\u0631\u0628 \u0645\u0646 \u0623\u0641\u0636\u0644 \u0646\u0633\u062e\u0629 \u0645\u0646\u0643. \u0645\u062d\u062a\u0648\u064a\u0627\u062a \u0627\u0644\u0635\u0651\u0646\u062f\u0648\u0642:      \u0645\u0641\u0643\u0651\u0631\u0629 \u064a\u0648\u0645\u064a\u0651\u0629 416 \u0635\u0641\u062d\u0629        \u0645\u062e\u0637\u0651\u0637 \u0623\u0633\u0628\u0648\u0639\u064a\u0651 54 \u0623\u0633\u0628\u0648\u0639\u0627        \u064a\u0648\u0645\u064a\u0651\u0629 \u0645\u0643\u062a\u0628\u064a\u0651\u0629 \u0645\u062e\u0637\u0651\u0637 \u0634\u0647\u0631\u064a\u0651        \u0645\u062e\u0637\u0651\u0637 \u0633\u0646\u0648\u064a\u0651 \u062d\u062c\u0645 \u0643\u0628\u064a\u0631         \u062f\u0641\u062a\u0631 \u0645\u0644\u0627\u062d\u0638\u0627\u062a \u062d\u062c\u0645 \u0639\u0645\u0644\u064a\u0651 \u0644\u0644\u062a\u0651\u062f\u0648\u064a\u0646 \u0627\u0644\u062d\u0631\u0651        \u0641\u0627\u0635\u0644\u0629 \u0643\u062a\u0628 \u0645\u0639 \u064a\u0648\u0645\u064a\u0651\u0629        \u0645\u0644\u0635\u0642\u0627\u062a \u0645\u062a\u0646\u0648\u0651\u0639\u0629        \u0642\u0644\u0645 \u062d\u0628\u0631 \u0623\u0646\u064a\u0642 \u0648\u0628\u0646\u0641\u0633 \u0627\u0644\u0644\u0651\u0648\u0646        \u0628\u0637\u0627\u0642\u0629 \u0647\u062f\u064a\u0651\u0629 \u0644\u0643\u062a\u0627\u0628\u0629 \u0643\u0644\u0645\u0627\u062a \u062e\u0627\u0635\u0651\u0629\" \/>\n<meta property=\"og:url\" content=\"https:\/\/www.alifbadesign.com\/fr\/produit\/\u0635\u0646\u062f\u0648\u0642-\u0627\u0644\u0628\u0647\u062c\u0629-2026-\u0639\u0637\u0627\u0621\/\" \/>\n<meta property=\"og:site_name\" content=\"\u0623\u0644\u0641 \u0628\u0627\u0621 \u0644\u0644\u062a\u0651\u0635\u0645\u064a\u0645\" \/>\n<meta property=\"article:modified_time\" content=\"2026-01-13T09:00:17+00:00\" \/>\n<meta property=\"og:image\" content=\"https:\/\/www.alifbadesign.com\/wp-content\/uploads\/2025\/12\/box3-min-1.jpg\" \/>\n\t<meta property=\"og:image:width\" content=\"3907\" \/>\n\t<meta property=\"og:image:height\" content=\"5860\" \/>\n\t<meta property=\"og:image:type\" content=\"image\/jpeg\" \/>\n<meta name=\"twitter:card\" content=\"summary_large_image\" \/>\n<meta name=\"twitter:label1\" content=\"Dur\u00e9e de lecture estim\u00e9e\" \/>\n\t<meta name=\"twitter:data1\" content=\"1 minute\" \/>\n<script type=\"application\/ld+json\" class=\"yoast-schema-graph\">{\"@context\":\"https:\\\/\\\/schema.org\",\"@graph\":[{\"@type\":\"WebPage\",\"@id\":\"https:\\\/\\\/www.alifbadesign.com\\\/product\\\/%d8%b5%d9%86%d8%af%d9%88%d9%82-%d8%a7%d9%84%d8%a8%d9%87%d8%ac%d8%a9-2026-%d8%b9%d8%b7%d8%a7%d8%a1\\\/\",\"url\":\"https:\\\/\\\/www.alifbadesign.com\\\/product\\\/%d8%b5%d9%86%d8%af%d9%88%d9%82-%d8%a7%d9%84%d8%a8%d9%87%d8%ac%d8%a9-2026-%d8%b9%d8%b7%d8%a7%d8%a1\\\/\",\"name\":\"\u0635\u0646\u062f\u0648\u0642 \u0627\u0644\u0628\u0647\u062c\u0629 2026 (\u0639\u0637\u0627\u0621) - \u0623\u0644\u0641 \u0628\u0627\u0621 \u0644\u0644\u062a\u0651\u0635\u0645\u064a\u0645\",\"isPartOf\":{\"@id\":\"https:\\\/\\\/www.alifbadesign.com\\\/#website\"},\"primaryImageOfPage\":{\"@id\":\"https:\\\/\\\/www.alifbadesign.com\\\/product\\\/%d8%b5%d9%86%d8%af%d9%88%d9%82-%d8%a7%d9%84%d8%a8%d9%87%d8%ac%d8%a9-2026-%d8%b9%d8%b7%d8%a7%d8%a1\\\/#primaryimage\"},\"image\":{\"@id\":\"https:\\\/\\\/www.alifbadesign.com\\\/product\\\/%d8%b5%d9%86%d8%af%d9%88%d9%82-%d8%a7%d9%84%d8%a8%d9%87%d8%ac%d8%a9-2026-%d8%b9%d8%b7%d8%a7%d8%a1\\\/#primaryimage\"},\"thumbnailUrl\":\"https:\\\/\\\/i0.wp.com\\\/www.alifbadesign.com\\\/wp-content\\\/uploads\\\/2025\\\/12\\\/box3-min-1.jpg?fit=3907%2C5860&ssl=1\",\"datePublished\":\"2025-12-17T21:38:27+00:00\",\"dateModified\":\"2026-01-13T09:00:17+00:00\",\"breadcrumb\":{\"@id\":\"https:\\\/\\\/www.alifbadesign.com\\\/product\\\/%d8%b5%d9%86%d8%af%d9%88%d9%82-%d8%a7%d9%84%d8%a8%d9%87%d8%ac%d8%a9-2026-%d8%b9%d8%b7%d8%a7%d8%a1\\\/#breadcrumb\"},\"inLanguage\":\"fr-FR\",\"potentialAction\":[{\"@type\":\"ReadAction\",\"target\":[\"https:\\\/\\\/www.alifbadesign.com\\\/product\\\/%d8%b5%d9%86%d8%af%d9%88%d9%82-%d8%a7%d9%84%d8%a8%d9%87%d8%ac%d8%a9-2026-%d8%b9%d8%b7%d8%a7%d8%a1\\\/\"]}]},{\"@type\":\"ImageObject\",\"inLanguage\":\"fr-FR\",\"@id\":\"https:\\\/\\\/www.alifbadesign.com\\\/product\\\/%d8%b5%d9%86%d8%af%d9%88%d9%82-%d8%a7%d9%84%d8%a8%d9%87%d8%ac%d8%a9-2026-%d8%b9%d8%b7%d8%a7%d8%a1\\\/#primaryimage\",\"url\":\"https:\\\/\\\/i0.wp.com\\\/www.alifbadesign.com\\\/wp-content\\\/uploads\\\/2025\\\/12\\\/box3-min-1.jpg?fit=3907%2C5860&ssl=1\",\"contentUrl\":\"https:\\\/\\\/i0.wp.com\\\/www.alifbadesign.com\\\/wp-content\\\/uploads\\\/2025\\\/12\\\/box3-min-1.jpg?fit=3907%2C5860&ssl=1\",\"width\":3907,\"height\":5860},{\"@type\":\"BreadcrumbList\",\"@id\":\"https:\\\/\\\/www.alifbadesign.com\\\/product\\\/%d8%b5%d9%86%d8%af%d9%88%d9%82-%d8%a7%d9%84%d8%a8%d9%87%d8%ac%d8%a9-2026-%d8%b9%d8%b7%d8%a7%d8%a1\\\/#breadcrumb\",\"itemListElement\":[{\"@type\":\"ListItem\",\"position\":1,\"name\":\"Home\",\"item\":\"https:\\\/\\\/www.alifbadesign.com\\\/\"},{\"@type\":\"ListItem\",\"position\":2,\"name\":\"Shop\",\"item\":\"https:\\\/\\\/www.alifbadesign.com\\\/shop\\\/\"},{\"@type\":\"ListItem\",\"position\":3,\"name\":\"\u0635\u0646\u062f\u0648\u0642 \u0627\u0644\u0628\u0647\u062c\u0629 2026 (\u0639\u0637\u0627\u0621)\"}]},{\"@type\":\"WebSite\",\"@id\":\"https:\\\/\\\/www.alifbadesign.com\\\/#website\",\"url\":\"https:\\\/\\\/www.alifbadesign.com\\\/\",\"name\":\"\u0623\u0644\u0641 \u0628\u0627\u0621 \u0644\u0644\u062a\u0651\u0635\u0645\u064a\u0645\",\"description\":\"\u0627\u0644\u0628\u0647\u062c\u0629 \u062a\u0628\u062f\u0623 \u0647\u0646\u0627\",\"publisher\":{\"@id\":\"https:\\\/\\\/www.alifbadesign.com\\\/#organization\"},\"potentialAction\":[{\"@type\":\"SearchAction\",\"target\":{\"@type\":\"EntryPoint\",\"urlTemplate\":\"https:\\\/\\\/www.alifbadesign.com\\\/?s={search_term_string}\"},\"query-input\":{\"@type\":\"PropertyValueSpecification\",\"valueRequired\":true,\"valueName\":\"search_term_string\"}}],\"inLanguage\":\"fr-FR\"},{\"@type\":\"Organization\",\"@id\":\"https:\\\/\\\/www.alifbadesign.com\\\/#organization\",\"name\":\"\u0623\u0644\u0641 \u0628\u0627\u0621 \u0644\u0644\u062a\u0651\u0635\u0645\u064a\u0645\",\"url\":\"https:\\\/\\\/www.alifbadesign.com\\\/\",\"logo\":{\"@type\":\"ImageObject\",\"inLanguage\":\"fr-FR\",\"@id\":\"https:\\\/\\\/www.alifbadesign.com\\\/#\\\/schema\\\/logo\\\/image\\\/\",\"url\":\"https:\\\/\\\/www.alifbadesign.com\\\/wp-content\\\/uploads\\\/2023\\\/11\\\/logoAlifBaDesign.svg\",\"contentUrl\":\"https:\\\/\\\/www.alifbadesign.com\\\/wp-content\\\/uploads\\\/2023\\\/11\\\/logoAlifBaDesign.svg\",\"width\":130,\"height\":28,\"caption\":\"\u0623\u0644\u0641 \u0628\u0627\u0621 \u0644\u0644\u062a\u0651\u0635\u0645\u064a\u0645\"},\"image\":{\"@id\":\"https:\\\/\\\/www.alifbadesign.com\\\/#\\\/schema\\\/logo\\\/image\\\/\"}}]}<\/script>\n<!-- \/ Yoast SEO plugin. -->","yoast_head_json":{"title":"\u0635\u0646\u062f\u0648\u0642 \u0627\u0644\u0628\u0647\u062c\u0629 2026 (\u0639\u0637\u0627\u0621) - \u0623\u0644\u0641 \u0628\u0627\u0621 \u0644\u0644\u062a\u0651\u0635\u0645\u064a\u0645","robots":{"index":"index","follow":"follow","max-snippet":"max-snippet:-1","max-image-preview":"max-image-preview:large","max-video-preview":"max-video-preview:-1"},"canonical":"https:\/\/www.alifbadesign.com\/fr\/produit\/\u0635\u0646\u062f\u0648\u0642-\u0627\u0644\u0628\u0647\u062c\u0629-2026-\u0639\u0637\u0627\u0621\/","og_locale":"fr_FR","og_type":"article","og_title":"\u0635\u0646\u062f\u0648\u0642 \u0627\u0644\u0628\u0647\u062c\u0629 2026 (\u0639\u0637\u0627\u0621) - \u0623\u0644\u0641 \u0628\u0627\u0621 \u0644\u0644\u062a\u0651\u0635\u0645\u064a\u0645","og_description":"\u0635\u0646\u062f\u0648\u0642 \u0627\u0644\u0628\u0647\u062c\u0629 \u0631\u0641\u064a\u0642\u0643\u0645 \u0627\u0644\u0645\u062b\u0627\u0644\u064a \u0644\u062a\u0646\u0638\u064a\u0645 \u0623\u0647\u062f\u0627\u0641\u0643\u0645 \u0648\u062a\u0637\u0648\u064a\u0631 \u0639\u0627\u062f\u0627\u062a\u0643\u0645 \u0628\u062e\u0637\u0648\u0627\u062a \u0628\u0633\u064a\u0637\u0629 \u0648\u0639\u0645\u0644\u064a\u0651\u0629. \u0645\u0635\u0645\u0645 \u062e\u0635\u0651\u064a\u0635\u0627 \u0644\u062a\u062d\u0641\u064a\u0632\u0643\u0645 \u0639\u0644\u0649 \u062a\u062d\u0642\u064a\u0642 \u0623\u0647\u062f\u0627\u0641\u0643\u0645 \u0628\u062e\u0637\u0648\u0627\u062a \u0648\u0627\u062b\u0642\u0629\u060c \u0645\u0639 \u0623\u062c\u0648\u0627\u0621 \u0645\u0641\u0639\u0645\u0629 \u0628\u0627\u0644\u0628\u0647\u062c\u0629 \u0637\u0648\u0627\u0644 \u0639\u0627\u0645 \u0643\u0627\u0645\u0644. \u064a\u0636\u0645\u0651 \u0623\u062f\u0648\u0627\u062a \u0645\u062e\u062a\u0644\u0641\u0629 \u0648\u0645\u0645\u064a\u0651\u0632\u0629 \u062a\u0633\u0627\u0639\u062f\u0643 \u0639\u0644\u0649 \u0627\u0644\u062a\u0651\u062e\u0637\u064a\u0637 \u0628\u0641\u0639\u0627\u0644\u064a\u0651\u0629 \u0648\u062a\u062d\u0642\u064a\u0642 \u0627\u0644\u062a\u0651\u0648\u0627\u0632\u0646 \u0641\u064a \u062d\u064a\u0627\u062a\u0643 \u0644\u062a\u062c\u0639\u0644\u0643 \u0643\u0644\u0651 \u064a\u0648\u0645 \u0623\u0642\u0631\u0628 \u0645\u0646 \u0623\u0641\u0636\u0644 \u0646\u0633\u062e\u0629 \u0645\u0646\u0643. \u0645\u062d\u062a\u0648\u064a\u0627\u062a \u0627\u0644\u0635\u0651\u0646\u062f\u0648\u0642:      \u0645\u0641\u0643\u0651\u0631\u0629 \u064a\u0648\u0645\u064a\u0651\u0629 416 \u0635\u0641\u062d\u0629        \u0645\u062e\u0637\u0651\u0637 \u0623\u0633\u0628\u0648\u0639\u064a\u0651 54 \u0623\u0633\u0628\u0648\u0639\u0627        \u064a\u0648\u0645\u064a\u0651\u0629 \u0645\u0643\u062a\u0628\u064a\u0651\u0629 \u0645\u062e\u0637\u0651\u0637 \u0634\u0647\u0631\u064a\u0651        \u0645\u062e\u0637\u0651\u0637 \u0633\u0646\u0648\u064a\u0651 \u062d\u062c\u0645 \u0643\u0628\u064a\u0631         \u062f\u0641\u062a\u0631 \u0645\u0644\u0627\u062d\u0638\u0627\u062a \u062d\u062c\u0645 \u0639\u0645\u0644\u064a\u0651 \u0644\u0644\u062a\u0651\u062f\u0648\u064a\u0646 \u0627\u0644\u062d\u0631\u0651        \u0641\u0627\u0635\u0644\u0629 \u0643\u062a\u0628 \u0645\u0639 \u064a\u0648\u0645\u064a\u0651\u0629        \u0645\u0644\u0635\u0642\u0627\u062a \u0645\u062a\u0646\u0648\u0651\u0639\u0629        \u0642\u0644\u0645 \u062d\u0628\u0631 \u0623\u0646\u064a\u0642 \u0648\u0628\u0646\u0641\u0633 \u0627\u0644\u0644\u0651\u0648\u0646        \u0628\u0637\u0627\u0642\u0629 \u0647\u062f\u064a\u0651\u0629 \u0644\u0643\u062a\u0627\u0628\u0629 \u0643\u0644\u0645\u0627\u062a \u062e\u0627\u0635\u0651\u0629","og_url":"https:\/\/www.alifbadesign.com\/fr\/produit\/\u0635\u0646\u062f\u0648\u0642-\u0627\u0644\u0628\u0647\u062c\u0629-2026-\u0639\u0637\u0627\u0621\/","og_site_name":"\u0623\u0644\u0641 \u0628\u0627\u0621 \u0644\u0644\u062a\u0651\u0635\u0645\u064a\u0645","article_modified_time":"2026-01-13T09:00:17+00:00","og_image":[{"width":3907,"height":5860,"url":"https:\/\/www.alifbadesign.com\/wp-content\/uploads\/2025\/12\/box3-min-1.jpg","type":"image\/jpeg"}],"twitter_card":"summary_large_image","twitter_misc":{"Dur\u00e9e de lecture estim\u00e9e":"1 minute"},"schema":{"@context":"https:\/\/schema.org","@graph":[{"@type":"WebPage","@id":"https:\/\/www.alifbadesign.com\/product\/%d8%b5%d9%86%d8%af%d9%88%d9%82-%d8%a7%d9%84%d8%a8%d9%87%d8%ac%d8%a9-2026-%d8%b9%d8%b7%d8%a7%d8%a1\/","url":"https:\/\/www.alifbadesign.com\/product\/%d8%b5%d9%86%d8%af%d9%88%d9%82-%d8%a7%d9%84%d8%a8%d9%87%d8%ac%d8%a9-2026-%d8%b9%d8%b7%d8%a7%d8%a1\/","name":"\u0635\u0646\u062f\u0648\u0642 \u0627\u0644\u0628\u0647\u062c\u0629 2026 (\u0639\u0637\u0627\u0621) - \u0623\u0644\u0641 \u0628\u0627\u0621 \u0644\u0644\u062a\u0651\u0635\u0645\u064a\u0645","isPartOf":{"@id":"https:\/\/www.alifbadesign.com\/#website"},"primaryImageOfPage":{"@id":"https:\/\/www.alifbadesign.com\/product\/%d8%b5%d9%86%d8%af%d9%88%d9%82-%d8%a7%d9%84%d8%a8%d9%87%d8%ac%d8%a9-2026-%d8%b9%d8%b7%d8%a7%d8%a1\/#primaryimage"},"image":{"@id":"https:\/\/www.alifbadesign.com\/product\/%d8%b5%d9%86%d8%af%d9%88%d9%82-%d8%a7%d9%84%d8%a8%d9%87%d8%ac%d8%a9-2026-%d8%b9%d8%b7%d8%a7%d8%a1\/#primaryimage"},"thumbnailUrl":"https:\/\/i0.wp.com\/www.alifbadesign.com\/wp-content\/uploads\/2025\/12\/box3-min-1.jpg?fit=3907%2C5860&ssl=1","datePublished":"2025-12-17T21:38:27+00:00","dateModified":"2026-01-13T09:00:17+00:00","breadcrumb":{"@id":"https:\/\/www.alifbadesign.com\/product\/%d8%b5%d9%86%d8%af%d9%88%d9%82-%d8%a7%d9%84%d8%a8%d9%87%d8%ac%d8%a9-2026-%d8%b9%d8%b7%d8%a7%d8%a1\/#breadcrumb"},"inLanguage":"fr-FR","potentialAction":[{"@type":"ReadAction","target":["https:\/\/www.alifbadesign.com\/product\/%d8%b5%d9%86%d8%af%d9%88%d9%82-%d8%a7%d9%84%d8%a8%d9%87%d8%ac%d8%a9-2026-%d8%b9%d8%b7%d8%a7%d8%a1\/"]}]},{"@type":"ImageObject","inLanguage":"fr-FR","@id":"https:\/\/www.alifbadesign.com\/product\/%d8%b5%d9%86%d8%af%d9%88%d9%82-%d8%a7%d9%84%d8%a8%d9%87%d8%ac%d8%a9-2026-%d8%b9%d8%b7%d8%a7%d8%a1\/#primaryimage","url":"https:\/\/i0.wp.com\/www.alifbadesign.com\/wp-content\/uploads\/2025\/12\/box3-min-1.jpg?fit=3907%2C5860&ssl=1","contentUrl":"https:\/\/i0.wp.com\/www.alifbadesign.com\/wp-content\/uploads\/2025\/12\/box3-min-1.jpg?fit=3907%2C5860&ssl=1","width":3907,"height":5860},{"@type":"BreadcrumbList","@id":"https:\/\/www.alifbadesign.com\/product\/%d8%b5%d9%86%d8%af%d9%88%d9%82-%d8%a7%d9%84%d8%a8%d9%87%d8%ac%d8%a9-2026-%d8%b9%d8%b7%d8%a7%d8%a1\/#breadcrumb","itemListElement":[{"@type":"ListItem","position":1,"name":"Home","item":"https:\/\/www.alifbadesign.com\/"},{"@type":"ListItem","position":2,"name":"Shop","item":"https:\/\/www.alifbadesign.com\/shop\/"},{"@type":"ListItem","position":3,"name":"\u0635\u0646\u062f\u0648\u0642 \u0627\u0644\u0628\u0647\u062c\u0629 2026 (\u0639\u0637\u0627\u0621)"}]},{"@type":"WebSite","@id":"https:\/\/www.alifbadesign.com\/#website","url":"https:\/\/www.alifbadesign.com\/","name":"AlifBa Design","description":"La joie commence ici","publisher":{"@id":"https:\/\/www.alifbadesign.com\/#organization"},"potentialAction":[{"@type":"SearchAction","target":{"@type":"EntryPoint","urlTemplate":"https:\/\/www.alifbadesign.com\/?s={search_term_string}"},"query-input":{"@type":"PropertyValueSpecification","valueRequired":true,"valueName":"search_term_string"}}],"inLanguage":"fr-FR"},{"@type":"Organization","@id":"https:\/\/www.alifbadesign.com\/#organization","name":"AlifBa Design","url":"https:\/\/www.alifbadesign.com\/","logo":{"@type":"ImageObject","inLanguage":"fr-FR","@id":"https:\/\/www.alifbadesign.com\/#\/schema\/logo\/image\/","url":"https:\/\/www.alifbadesign.com\/wp-content\/uploads\/2023\/11\/logoAlifBaDesign.svg","contentUrl":"https:\/\/www.alifbadesign.com\/wp-content\/uploads\/2023\/11\/logoAlifBaDesign.svg","width":130,"height":28,"caption":"\u0623\u0644\u0641 \u0628\u0627\u0621 \u0644\u0644\u062a\u0651\u0635\u0645\u064a\u0645"},"image":{"@id":"https:\/\/www.alifbadesign.com\/#\/schema\/logo\/image\/"}}]}},"_links":{"self":[{"href":"https:\/\/www.alifbadesign.com\/fr\/wp-json\/wp\/v2\/product\/11616","targetHints":{"allow":["GET"]}}],"collection":[{"href":"https:\/\/www.alifbadesign.com\/fr\/wp-json\/wp\/v2\/product"}],"about":[{"href":"https:\/\/www.alifbadesign.com\/fr\/wp-json\/wp\/v2\/types\/product"}],"wp:featuredmedia":[{"embeddable":true,"href":"https:\/\/www.alifbadesign.com\/fr\/wp-json\/wp\/v2\/media\/11621"}],"wp:attachment":[{"href":"https:\/\/www.alifbadesign.com\/fr\/wp-json\/wp\/v2\/media?parent=11616"}],"wp:term":[{"taxonomy":"product_cat","embeddable":true,"href":"https:\/\/www.alifbadesign.com\/fr\/wp-json\/wp\/v2\/product_cat?post=11616"},{"taxonomy":"product_tag","embeddable":true,"href":"https:\/\/www.alifbadesign.com\/fr\/wp-json\/wp\/v2\/product_tag?post=11616"}],"curies":[{"name":"wp","href":"https:\/\/api.w.org\/{rel}","templated":true}]}}