{"id":11489,"date":"2025-12-15T15:54:38","date_gmt":"2025-12-15T14:54:38","guid":{"rendered":"https:\/\/www.alifbadesign.com\/?post_type=product&#038;p=11489"},"modified":"2025-12-17T17:15:27","modified_gmt":"2025-12-17T16:15:27","slug":"ramadan-calendar","status":"publish","type":"product","link":"https:\/\/www.alifbadesign.com\/fr\/produit\/ramadan-calendar\/","title":{"rendered":"Planificateur du Ramadan"},"content":{"rendered":"","protected":false},"excerpt":{"rendered":"<div style=\"font-size: 16px;\">\n<div style=\"margin-bottom: 20px\">\nPr\u00e9parez-vous pour le mois sacr\u00e9 du Ramadan avec un planificateur qui ajoutera une touche de beaut\u00e9 et d'organisation \u00e0 vos journ\u00e9es, et vous aidera \u00e0 suivre vos pratiques religieuses et \u00e0 profiter de l'atmosph\u00e8re spirituelle.<\/div>\n<p>\ud83d\udce6Contenu du pack:<\/p>\n<div style=\"margin: 20px;\">\n\u2705 Un planificateur mural qui vous aide \u00e0 organiser vos t\u00e2ches et vos objectifs tout au long du mois.<br \/>\n\u2705 Autocollants uniques pour le Ramadan.<br \/>\n\u2705 Un marque-page pour la lecture du Coran, permettant de suivre votre progression au cours du mois.\n<\/div>\n<p>\ud83c\udf81 Ce pack est parfait pour ceux qui recherchent motivation et organisation pendant le Ramadan, ou il peut \u00eatre offert comme un merveilleux cadeau \u00e0 vos proches !\n<\/p><\/div>","protected":false},"featured_media":11510,"template":"","meta":{"nf_dc_page":""},"product_cat":[86,103],"product_tag":[],"class_list":{"0":"post-11489","1":"product","2":"type-product","3":"status-publish","4":"has-post-thumbnail","6":"product_cat-ramadan","7":"product_cat-103","9":"first","10":"instock","11":"shipping-taxable","12":"purchasable","13":"product-type-simple"},"yoast_head":"<!-- This site is optimized with the Yoast SEO plugin v27.4 - https:\/\/yoast.com\/product\/yoast-seo-wordpress\/ -->\n<title>\u0645\u062e\u0637\u0651\u0637 \u0631\u0645\u0636\u0627\u0646 - \u0623\u0644\u0641 \u0628\u0627\u0621 \u0644\u0644\u062a\u0651\u0635\u0645\u064a\u0645<\/title>\n<meta name=\"robots\" content=\"index, follow, max-snippet:-1, max-image-preview:large, max-video-preview:-1\" \/>\n<link rel=\"canonical\" href=\"https:\/\/www.alifbadesign.com\/fr\/produit\/ramadan-calendar\/\" \/>\n<meta property=\"og:locale\" content=\"fr_FR\" \/>\n<meta property=\"og:type\" content=\"article\" \/>\n<meta property=\"og:title\" content=\"\u0645\u062e\u0637\u0651\u0637 \u0631\u0645\u0636\u0627\u0646 - \u0623\u0644\u0641 \u0628\u0627\u0621 \u0644\u0644\u062a\u0651\u0635\u0645\u064a\u0645\" \/>\n<meta property=\"og:description\" content=\"\u0627\u0633\u062a\u0639\u062f\u0648\u0627 \u0644\u0634\u0647\u0631 \u0631\u0645\u0636\u0627\u0646 \u0627\u0644\u0645\u0628\u0627\u0631\u0643 \u0645\u0639 \u0645\u062e\u0637\u0651\u0637 \u0631\u0645\u0636\u0627\u0646 \u0627\u0644\u0630\u064a \u064a\u0636\u064a\u0641 \u0644\u0645\u0633\u0629 \u0645\u0646 \u0627\u0644\u062c\u0645\u0627\u0644 \u0648\u0627\u0644\u062a\u0646\u0638\u064a\u0645 \u0644\u0623\u064a\u0627\u0645\u0643\u0645\u060c \u0648\u062a\u0633\u0627\u0639\u062f\u0643\u0645 \u0639\u0644\u0649 \u062a\u062a\u0628\u0639 \u0639\u0628\u0627\u062f\u0627\u062a\u0643\u0645 \u0648\u0627\u0644\u0627\u0633\u062a\u0645\u062a\u0627\u0639 \u0628\u0627\u0644\u0623\u062c\u0648\u0627\u0621 \u0627\u0644\u0631\u0648\u062d\u0627\u0646\u064a\u0629.\ud83d\udce6\u0645\u062d\u062a\u0648\u064a\u0627\u062a \u0627\u0644\u0628\u0627\u0642\u0629:  \u2705 \u0645\u062e\u0637\u0637 \u062d\u0627\u0626\u0637\u064a \u064a\u0633\u0627\u0639\u062f\u0643\u0645 \u0639\u0644\u0649 \u062a\u0646\u0638\u064a\u0645 \u0645\u0647\u0627\u0645\u0643\u0645 \u0648\u0623\u0647\u062f\u0627\u0641\u0643\u0645 \u0637\u0648\u0627\u0644 \u0627\u0644\u0634\u0647\u0631. \u2705 \u0645\u0644\u0635\u0642\u0627\u062a \u0631\u0645\u0636\u0627\u0646\u064a\u0629 \u0645\u0645\u064a\u0632\u0629. \u2705 \u0641\u0627\u0635\u0644\u0629 \u0644\u062e\u062a\u0645 \u0627\u0644\u0642\u0631\u0622\u0646 \u0644\u0645\u062a\u0627\u0628\u0639\u0629 \u062a\u0642\u062f\u0651\u0645\u0643\u0645 \u062e\u0644\u0627\u0644 \u0627\u0644\u0634\u0651\u0647\u0631.  \ud83c\udf81 \u0627\u0644\u0628\u0627\u0642\u0629 \u0645\u062b\u0627\u0644\u064a\u0629 \u0644\u0645\u0646 \u064a\u0628\u062d\u062b \u0639\u0646 \u0627\u0644\u062a\u062d\u0641\u064a\u0632 \u0648\u0627\u0644\u062a\u0646\u0638\u064a\u0645 \u0641\u064a \u0631\u0645\u0636\u0627\u0646\u060c \u0623\u0648 \u064a\u0645\u0643\u0646 \u062a\u0642\u062f\u064a\u0645\u0647\u0627 \u0643\u0647\u062f\u064a\u0629 \u0631\u0627\u0626\u0639\u0629 \u0644\u0623\u062d\u0628\u0627\u0628\u0643\u0645!\" \/>\n<meta property=\"og:url\" content=\"https:\/\/www.alifbadesign.com\/fr\/produit\/ramadan-calendar\/\" \/>\n<meta property=\"og:site_name\" content=\"\u0623\u0644\u0641 \u0628\u0627\u0621 \u0644\u0644\u062a\u0651\u0635\u0645\u064a\u0645\" \/>\n<meta property=\"article:modified_time\" content=\"2025-12-17T16:15:27+00:00\" \/>\n<meta property=\"og:image\" content=\"https:\/\/www.alifbadesign.com\/wp-content\/uploads\/2025\/12\/IMG_6234-6-scaled.jpg\" \/>\n\t<meta property=\"og:image:width\" content=\"3333\" \/>\n\t<meta property=\"og:image:height\" content=\"5000\" \/>\n\t<meta property=\"og:image:type\" content=\"image\/jpeg\" \/>\n<meta name=\"twitter:card\" content=\"summary_large_image\" \/>\n<meta name=\"twitter:label1\" content=\"Dur\u00e9e de lecture estim\u00e9e\" \/>\n\t<meta name=\"twitter:data1\" content=\"1 minute\" \/>\n<script type=\"application\/ld+json\" class=\"yoast-schema-graph\">{\"@context\":\"https:\\\/\\\/schema.org\",\"@graph\":[{\"@type\":\"WebPage\",\"@id\":\"https:\\\/\\\/www.alifbadesign.com\\\/product\\\/ramadan-calendar\\\/\",\"url\":\"https:\\\/\\\/www.alifbadesign.com\\\/product\\\/ramadan-calendar\\\/\",\"name\":\"\u0645\u062e\u0637\u0651\u0637 \u0631\u0645\u0636\u0627\u0646 - \u0623\u0644\u0641 \u0628\u0627\u0621 \u0644\u0644\u062a\u0651\u0635\u0645\u064a\u0645\",\"isPartOf\":{\"@id\":\"https:\\\/\\\/www.alifbadesign.com\\\/#website\"},\"primaryImageOfPage\":{\"@id\":\"https:\\\/\\\/www.alifbadesign.com\\\/product\\\/ramadan-calendar\\\/#primaryimage\"},\"image\":{\"@id\":\"https:\\\/\\\/www.alifbadesign.com\\\/product\\\/ramadan-calendar\\\/#primaryimage\"},\"thumbnailUrl\":\"https:\\\/\\\/i0.wp.com\\\/www.alifbadesign.com\\\/wp-content\\\/uploads\\\/2025\\\/12\\\/IMG_6234-6-scaled.webp?fit=3333%2C5000&ssl=1\",\"datePublished\":\"2025-12-15T14:54:38+00:00\",\"dateModified\":\"2025-12-17T16:15:27+00:00\",\"breadcrumb\":{\"@id\":\"https:\\\/\\\/www.alifbadesign.com\\\/product\\\/ramadan-calendar\\\/#breadcrumb\"},\"inLanguage\":\"fr-FR\",\"potentialAction\":[{\"@type\":\"ReadAction\",\"target\":[\"https:\\\/\\\/www.alifbadesign.com\\\/product\\\/ramadan-calendar\\\/\"]}]},{\"@type\":\"ImageObject\",\"inLanguage\":\"fr-FR\",\"@id\":\"https:\\\/\\\/www.alifbadesign.com\\\/product\\\/ramadan-calendar\\\/#primaryimage\",\"url\":\"https:\\\/\\\/i0.wp.com\\\/www.alifbadesign.com\\\/wp-content\\\/uploads\\\/2025\\\/12\\\/IMG_6234-6-scaled.webp?fit=3333%2C5000&ssl=1\",\"contentUrl\":\"https:\\\/\\\/i0.wp.com\\\/www.alifbadesign.com\\\/wp-content\\\/uploads\\\/2025\\\/12\\\/IMG_6234-6-scaled.webp?fit=3333%2C5000&ssl=1\",\"width\":3333,\"height\":5000},{\"@type\":\"BreadcrumbList\",\"@id\":\"https:\\\/\\\/www.alifbadesign.com\\\/product\\\/ramadan-calendar\\\/#breadcrumb\",\"itemListElement\":[{\"@type\":\"ListItem\",\"position\":1,\"name\":\"Home\",\"item\":\"https:\\\/\\\/www.alifbadesign.com\\\/\"},{\"@type\":\"ListItem\",\"position\":2,\"name\":\"Shop\",\"item\":\"https:\\\/\\\/www.alifbadesign.com\\\/shop\\\/\"},{\"@type\":\"ListItem\",\"position\":3,\"name\":\"\u0645\u062e\u0637\u0651\u0637 \u0631\u0645\u0636\u0627\u0646\"}]},{\"@type\":\"WebSite\",\"@id\":\"https:\\\/\\\/www.alifbadesign.com\\\/#website\",\"url\":\"https:\\\/\\\/www.alifbadesign.com\\\/\",\"name\":\"\u0623\u0644\u0641 \u0628\u0627\u0621 \u0644\u0644\u062a\u0651\u0635\u0645\u064a\u0645\",\"description\":\"\u0627\u0644\u0628\u0647\u062c\u0629 \u062a\u0628\u062f\u0623 \u0647\u0646\u0627\",\"publisher\":{\"@id\":\"https:\\\/\\\/www.alifbadesign.com\\\/#organization\"},\"potentialAction\":[{\"@type\":\"SearchAction\",\"target\":{\"@type\":\"EntryPoint\",\"urlTemplate\":\"https:\\\/\\\/www.alifbadesign.com\\\/?s={search_term_string}\"},\"query-input\":{\"@type\":\"PropertyValueSpecification\",\"valueRequired\":true,\"valueName\":\"search_term_string\"}}],\"inLanguage\":\"fr-FR\"},{\"@type\":\"Organization\",\"@id\":\"https:\\\/\\\/www.alifbadesign.com\\\/#organization\",\"name\":\"\u0623\u0644\u0641 \u0628\u0627\u0621 \u0644\u0644\u062a\u0651\u0635\u0645\u064a\u0645\",\"url\":\"https:\\\/\\\/www.alifbadesign.com\\\/\",\"logo\":{\"@type\":\"ImageObject\",\"inLanguage\":\"fr-FR\",\"@id\":\"https:\\\/\\\/www.alifbadesign.com\\\/#\\\/schema\\\/logo\\\/image\\\/\",\"url\":\"https:\\\/\\\/www.alifbadesign.com\\\/wp-content\\\/uploads\\\/2023\\\/11\\\/logoAlifBaDesign.svg\",\"contentUrl\":\"https:\\\/\\\/www.alifbadesign.com\\\/wp-content\\\/uploads\\\/2023\\\/11\\\/logoAlifBaDesign.svg\",\"width\":130,\"height\":28,\"caption\":\"\u0623\u0644\u0641 \u0628\u0627\u0621 \u0644\u0644\u062a\u0651\u0635\u0645\u064a\u0645\"},\"image\":{\"@id\":\"https:\\\/\\\/www.alifbadesign.com\\\/#\\\/schema\\\/logo\\\/image\\\/\"}}]}<\/script>\n<!-- \/ Yoast SEO plugin. -->","yoast_head_json":{"title":"\u0645\u062e\u0637\u0651\u0637 \u0631\u0645\u0636\u0627\u0646 - \u0623\u0644\u0641 \u0628\u0627\u0621 \u0644\u0644\u062a\u0651\u0635\u0645\u064a\u0645","robots":{"index":"index","follow":"follow","max-snippet":"max-snippet:-1","max-image-preview":"max-image-preview:large","max-video-preview":"max-video-preview:-1"},"canonical":"https:\/\/www.alifbadesign.com\/fr\/produit\/ramadan-calendar\/","og_locale":"fr_FR","og_type":"article","og_title":"\u0645\u062e\u0637\u0651\u0637 \u0631\u0645\u0636\u0627\u0646 - \u0623\u0644\u0641 \u0628\u0627\u0621 \u0644\u0644\u062a\u0651\u0635\u0645\u064a\u0645","og_description":"\u0627\u0633\u062a\u0639\u062f\u0648\u0627 \u0644\u0634\u0647\u0631 \u0631\u0645\u0636\u0627\u0646 \u0627\u0644\u0645\u0628\u0627\u0631\u0643 \u0645\u0639 \u0645\u062e\u0637\u0651\u0637 \u0631\u0645\u0636\u0627\u0646 \u0627\u0644\u0630\u064a \u064a\u0636\u064a\u0641 \u0644\u0645\u0633\u0629 \u0645\u0646 \u0627\u0644\u062c\u0645\u0627\u0644 \u0648\u0627\u0644\u062a\u0646\u0638\u064a\u0645 \u0644\u0623\u064a\u0627\u0645\u0643\u0645\u060c \u0648\u062a\u0633\u0627\u0639\u062f\u0643\u0645 \u0639\u0644\u0649 \u062a\u062a\u0628\u0639 \u0639\u0628\u0627\u062f\u0627\u062a\u0643\u0645 \u0648\u0627\u0644\u0627\u0633\u062a\u0645\u062a\u0627\u0639 \u0628\u0627\u0644\u0623\u062c\u0648\u0627\u0621 \u0627\u0644\u0631\u0648\u062d\u0627\u0646\u064a\u0629.\ud83d\udce6\u0645\u062d\u062a\u0648\u064a\u0627\u062a \u0627\u0644\u0628\u0627\u0642\u0629:  \u2705 \u0645\u062e\u0637\u0637 \u062d\u0627\u0626\u0637\u064a \u064a\u0633\u0627\u0639\u062f\u0643\u0645 \u0639\u0644\u0649 \u062a\u0646\u0638\u064a\u0645 \u0645\u0647\u0627\u0645\u0643\u0645 \u0648\u0623\u0647\u062f\u0627\u0641\u0643\u0645 \u0637\u0648\u0627\u0644 \u0627\u0644\u0634\u0647\u0631. \u2705 \u0645\u0644\u0635\u0642\u0627\u062a \u0631\u0645\u0636\u0627\u0646\u064a\u0629 \u0645\u0645\u064a\u0632\u0629. \u2705 \u0641\u0627\u0635\u0644\u0629 \u0644\u062e\u062a\u0645 \u0627\u0644\u0642\u0631\u0622\u0646 \u0644\u0645\u062a\u0627\u0628\u0639\u0629 \u062a\u0642\u062f\u0651\u0645\u0643\u0645 \u062e\u0644\u0627\u0644 \u0627\u0644\u0634\u0651\u0647\u0631.  \ud83c\udf81 \u0627\u0644\u0628\u0627\u0642\u0629 \u0645\u062b\u0627\u0644\u064a\u0629 \u0644\u0645\u0646 \u064a\u0628\u062d\u062b \u0639\u0646 \u0627\u0644\u062a\u062d\u0641\u064a\u0632 \u0648\u0627\u0644\u062a\u0646\u0638\u064a\u0645 \u0641\u064a \u0631\u0645\u0636\u0627\u0646\u060c \u0623\u0648 \u064a\u0645\u0643\u0646 \u062a\u0642\u062f\u064a\u0645\u0647\u0627 \u0643\u0647\u062f\u064a\u0629 \u0631\u0627\u0626\u0639\u0629 \u0644\u0623\u062d\u0628\u0627\u0628\u0643\u0645!","og_url":"https:\/\/www.alifbadesign.com\/fr\/produit\/ramadan-calendar\/","og_site_name":"\u0623\u0644\u0641 \u0628\u0627\u0621 \u0644\u0644\u062a\u0651\u0635\u0645\u064a\u0645","article_modified_time":"2025-12-17T16:15:27+00:00","og_image":[{"width":3333,"height":5000,"url":"https:\/\/www.alifbadesign.com\/wp-content\/uploads\/2025\/12\/IMG_6234-6-scaled.jpg","type":"image\/jpeg"}],"twitter_card":"summary_large_image","twitter_misc":{"Dur\u00e9e de lecture estim\u00e9e":"1 minute"},"schema":{"@context":"https:\/\/schema.org","@graph":[{"@type":"WebPage","@id":"https:\/\/www.alifbadesign.com\/product\/ramadan-calendar\/","url":"https:\/\/www.alifbadesign.com\/product\/ramadan-calendar\/","name":"\u0645\u062e\u0637\u0651\u0637 \u0631\u0645\u0636\u0627\u0646 - \u0623\u0644\u0641 \u0628\u0627\u0621 \u0644\u0644\u062a\u0651\u0635\u0645\u064a\u0645","isPartOf":{"@id":"https:\/\/www.alifbadesign.com\/#website"},"primaryImageOfPage":{"@id":"https:\/\/www.alifbadesign.com\/product\/ramadan-calendar\/#primaryimage"},"image":{"@id":"https:\/\/www.alifbadesign.com\/product\/ramadan-calendar\/#primaryimage"},"thumbnailUrl":"https:\/\/i0.wp.com\/www.alifbadesign.com\/wp-content\/uploads\/2025\/12\/IMG_6234-6-scaled.webp?fit=3333%2C5000&ssl=1","datePublished":"2025-12-15T14:54:38+00:00","dateModified":"2025-12-17T16:15:27+00:00","breadcrumb":{"@id":"https:\/\/www.alifbadesign.com\/product\/ramadan-calendar\/#breadcrumb"},"inLanguage":"fr-FR","potentialAction":[{"@type":"ReadAction","target":["https:\/\/www.alifbadesign.com\/product\/ramadan-calendar\/"]}]},{"@type":"ImageObject","inLanguage":"fr-FR","@id":"https:\/\/www.alifbadesign.com\/product\/ramadan-calendar\/#primaryimage","url":"https:\/\/i0.wp.com\/www.alifbadesign.com\/wp-content\/uploads\/2025\/12\/IMG_6234-6-scaled.webp?fit=3333%2C5000&ssl=1","contentUrl":"https:\/\/i0.wp.com\/www.alifbadesign.com\/wp-content\/uploads\/2025\/12\/IMG_6234-6-scaled.webp?fit=3333%2C5000&ssl=1","width":3333,"height":5000},{"@type":"BreadcrumbList","@id":"https:\/\/www.alifbadesign.com\/product\/ramadan-calendar\/#breadcrumb","itemListElement":[{"@type":"ListItem","position":1,"name":"Home","item":"https:\/\/www.alifbadesign.com\/"},{"@type":"ListItem","position":2,"name":"Shop","item":"https:\/\/www.alifbadesign.com\/shop\/"},{"@type":"ListItem","position":3,"name":"\u0645\u062e\u0637\u0651\u0637 \u0631\u0645\u0636\u0627\u0646"}]},{"@type":"WebSite","@id":"https:\/\/www.alifbadesign.com\/#website","url":"https:\/\/www.alifbadesign.com\/","name":"AlifBa Design","description":"La joie commence ici","publisher":{"@id":"https:\/\/www.alifbadesign.com\/#organization"},"potentialAction":[{"@type":"SearchAction","target":{"@type":"EntryPoint","urlTemplate":"https:\/\/www.alifbadesign.com\/?s={search_term_string}"},"query-input":{"@type":"PropertyValueSpecification","valueRequired":true,"valueName":"search_term_string"}}],"inLanguage":"fr-FR"},{"@type":"Organization","@id":"https:\/\/www.alifbadesign.com\/#organization","name":"AlifBa Design","url":"https:\/\/www.alifbadesign.com\/","logo":{"@type":"ImageObject","inLanguage":"fr-FR","@id":"https:\/\/www.alifbadesign.com\/#\/schema\/logo\/image\/","url":"https:\/\/www.alifbadesign.com\/wp-content\/uploads\/2023\/11\/logoAlifBaDesign.svg","contentUrl":"https:\/\/www.alifbadesign.com\/wp-content\/uploads\/2023\/11\/logoAlifBaDesign.svg","width":130,"height":28,"caption":"\u0623\u0644\u0641 \u0628\u0627\u0621 \u0644\u0644\u062a\u0651\u0635\u0645\u064a\u0645"},"image":{"@id":"https:\/\/www.alifbadesign.com\/#\/schema\/logo\/image\/"}}]}},"_links":{"self":[{"href":"https:\/\/www.alifbadesign.com\/fr\/wp-json\/wp\/v2\/product\/11489","targetHints":{"allow":["GET"]}}],"collection":[{"href":"https:\/\/www.alifbadesign.com\/fr\/wp-json\/wp\/v2\/product"}],"about":[{"href":"https:\/\/www.alifbadesign.com\/fr\/wp-json\/wp\/v2\/types\/product"}],"wp:featuredmedia":[{"embeddable":true,"href":"https:\/\/www.alifbadesign.com\/fr\/wp-json\/wp\/v2\/media\/11510"}],"wp:attachment":[{"href":"https:\/\/www.alifbadesign.com\/fr\/wp-json\/wp\/v2\/media?parent=11489"}],"wp:term":[{"taxonomy":"product_cat","embeddable":true,"href":"https:\/\/www.alifbadesign.com\/fr\/wp-json\/wp\/v2\/product_cat?post=11489"},{"taxonomy":"product_tag","embeddable":true,"href":"https:\/\/www.alifbadesign.com\/fr\/wp-json\/wp\/v2\/product_tag?post=11489"}],"curies":[{"name":"wp","href":"https:\/\/api.w.org\/{rel}","templated":true}]}}