{"id":11443,"date":"2025-12-10T13:36:04","date_gmt":"2025-12-10T12:36:04","guid":{"rendered":"https:\/\/www.alifbadesign.com\/?post_type=product&#038;p=11443"},"modified":"2026-02-16T15:59:09","modified_gmt":"2026-02-16T14:59:09","slug":"%d9%85%d9%81%d9%83%d9%91%d8%b1%d8%a9-%d8%ae%d8%b7%d9%88%d8%a9-2026-%d9%8a%d9%82%d9%8a%d9%86","status":"publish","type":"product","link":"https:\/\/www.alifbadesign.com\/fr\/produit\/%d9%85%d9%81%d9%83%d9%91%d8%b1%d8%a9-%d8%ae%d8%b7%d9%88%d8%a9-2026-%d9%8a%d9%82%d9%8a%d9%86\/","title":{"rendered":"Agenda Step 2026 (Certitude)"},"content":{"rendered":"","protected":false},"excerpt":{"rendered":"<style>\n body {\n  --primary: #543b50;\n }\n.variable-item-radio-value-wrapper .price, .single-product div.product table.variations label:after {\n  display: none\n}\n.variable-item-radio-value-wrapper {\n  visibility: hidden;\n}\n.variable-item-radio-value, .woo-variation-swatches .wvs-style-squared.variable-items-wrapper .variable-item.radio-variable-item img {\n  visibility: visible\n}\n<\/style>\n<div style=\"font-size: 16px;\">\n<div style=\"margin-bottom: 20px;\">L'agenda Step est un outil d'organisation complet pour votre vie quotidienne, \u00e9tape par \u00e9tape. Avec une progression intelligente qui commence par la planification annuelle, puis la planification mensuelle et enfin la planification quotidienne, ce carnet vous offre l'espace n\u00e9cessaire pour suivre avec pr\u00e9cision tous les d\u00e9tails de votre journ\u00e9e. Il est sp\u00e9cialement con\u00e7u pour vous aider \u00e0 atteindre vos objectifs et \u00e0 g\u00e9rer votre temps efficacement, avec un design pratique et joyeux qui vous incite \u00e0 continuer tout au long de l'ann\u00e9e. <\/div>\n<div>Sur les pages annuelles vous retrouverez divers sujets qui vous aideront \u00e0 d\u00e9finir les grandes lignes de toute l'ann\u00e9e \ud83d\uddd3<br \/>\nLes pages mensuelles vous donnent un aper\u00e7u complet des diff\u00e9rentes t\u00e2ches, \u00e9v\u00e9nements importants et habitudes du mois \ud83d\udcc6<br \/>\nSur les pages quotidiennes, vous trouverez divers d\u00e9tails qui vous aideront \u00e0 organiser le temps pendant la journ\u00e9e \u23f0<br \/>\n\ud83d\udd8d\ufe0f Toutes les pages sont en couleur<br \/>\n\ud83d\udd8c\ufe0f Chaque mois a sa couleur et son design qui lui convient<\/div>\n<div><span style=\"font-weight:bold\">Dimension:<\/span> 21\/15 cm<\/div>\n<div><span style=\"font-weight:bold\">Nombre de pages:<\/span> 416 pages<\/div>\n<div><span style=\"font-weight:bold\">M\u00e9thode de s\u00e9paration:<\/span> Quotidienne<\/div>\n<div><span style=\"font-weight:bold\">Dur\u00e9e:<\/span> Ann\u00e9e enti\u00e8re<\/div>\n<div><span style=\"font-weight:bold\">Langue:<\/span> Arabe<\/div>\n<\/div>","protected":false},"featured_media":11448,"template":"","meta":{"nf_dc_page":""},"product_cat":[85],"product_tag":[],"class_list":{"0":"post-11443","1":"product","2":"type-product","3":"status-publish","4":"has-post-thumbnail","6":"product_cat-step-agenda","8":"first","9":"outofstock","10":"sale","11":"shipping-taxable","12":"purchasable","13":"product-type-variable","14":"rtwpvg-product"},"yoast_head":"<!-- This site is optimized with the Yoast SEO plugin v27.4 - https:\/\/yoast.com\/product\/yoast-seo-wordpress\/ -->\n<title>\u0645\u0641\u0643\u0651\u0631\u0629 \u062e\u0637\u0648\u0629 2026 (\u064a\u0642\u064a\u0646) - \u0623\u0644\u0641 \u0628\u0627\u0621 \u0644\u0644\u062a\u0651\u0635\u0645\u064a\u0645<\/title>\n<meta name=\"robots\" content=\"index, follow, max-snippet:-1, max-image-preview:large, max-video-preview:-1\" \/>\n<link rel=\"canonical\" href=\"https:\/\/www.alifbadesign.com\/fr\/produit\/\u0645\u0641\u0643\u0651\u0631\u0629-\u062e\u0637\u0648\u0629-2026-\u064a\u0642\u064a\u0646\/\" \/>\n<meta property=\"og:locale\" content=\"fr_FR\" \/>\n<meta property=\"og:type\" content=\"article\" \/>\n<meta property=\"og:title\" content=\"\u0645\u0641\u0643\u0651\u0631\u0629 \u062e\u0637\u0648\u0629 2026 (\u064a\u0642\u064a\u0646) - \u0623\u0644\u0641 \u0628\u0627\u0621 \u0644\u0644\u062a\u0651\u0635\u0645\u064a\u0645\" \/>\n<meta property=\"og:description\" content=\"\u0645\u0641\u0643\u0651\u0631\u0629 \u062e\u0637\u0648\u0629 \u0647\u064a \u0623\u062f\u0627\u0629 \u062a\u0646\u0638\u064a\u0645 \u0634\u0627\u0645\u0644\u0629 \u0644\u062d\u064a\u0627\u062a\u0643 \u0627\u0644\u064a\u0648\u0645\u064a\u0651\u0629 \u062e\u0637\u0648\u0629 \u0628\u062e\u0637\u0648\u0629. \u0628\u062a\u062f\u0631\u0651\u062c \u0630\u0643\u064a \u064a\u0628\u062f\u0623 \u0645\u0646 \u0627\u0644\u062a\u062e\u0637\u064a\u0637 \u0627\u0644\u0633\u0646\u0648\u064a \u062b\u0645\u0651 \u0627\u0644\u0634\u0647\u0631\u064a \u0641\u0627\u0644\u064a\u0648\u0645\u064a\u060c \u062a\u0645\u0646\u062d\u0643 \u0647\u0630\u0647 \u0627\u0644\u0645\u0641\u0643\u0631\u0629 \u0645\u0633\u0627\u062d\u0629 \u0644\u0645\u062a\u0627\u0628\u0639\u0629 \u0643\u0644 \u062a\u0641\u0627\u0635\u064a\u0644 \u064a\u0648\u0645\u0643 \u0628\u062f\u0642\u0629. \u0635\u064f\u0645\u0651\u0645\u062a \u062e\u0635\u0651\u064a\u0635\u0627 \u0644\u062a\u0633\u0627\u0639\u062f\u0643 \u0639\u0644\u0649 \u062a\u062d\u0642\u064a\u0642 \u0623\u0647\u062f\u0627\u0641\u0643 \u0648\u0625\u062f\u0627\u0631\u0629 \u0648\u0642\u062a\u0643 \u0628\u0643\u0641\u0627\u0621\u0629\u060c \u0645\u0639 \u062a\u0635\u0645\u064a\u0645 \u0639\u0645\u0644\u064a \u0648\u0645\u0628\u0647\u062c \u064a\u064f\u0644\u0647\u0645\u0643 \u0627\u0644\u0627\u0633\u062a\u0645\u0631\u0627\u0631 \u0637\u0648\u0627\u0644 \u0627\u0644\u0639\u0627\u0645.  \u0627\u0644\u0635\u0651\u0641\u062d\u0627\u062a \u0627\u0644\u0633\u0651\u0646\u0648\u064a\u0651\u0629 \u062a\u062c\u062f\u0648\u0646 \u0641\u064a\u0647\u0627 \u0645\u0648\u0627\u0636\u064a\u0639 \u0645\u062e\u062a\u0644\u0641\u0629 \u062a\u0633\u0627\u0639\u062f\u0643\u0645 \u0639\u0644\u0649 \u062a\u062d\u062f\u064a\u062f \u0627\u0644\u062e\u0637\u0648\u0637 \u0627\u0644\u0639\u0631\u064a\u0636\u0629 \u0644\u0644\u0639\u0627\u0645 \u0643\u0644\u0651\u0647 \ud83d\uddd3 \u0627\u0644\u0635\u0651\u0641\u062d\u0627\u062a \u0627\u0644\u0634\u0651\u0647\u0631\u064a\u0651\u0629 \u062a\u0645\u0646\u062d\u0643\u0645 \u0644\u0645\u062d\u0629 \u0634\u0627\u0645\u0644\u0629 \u0639\u0646 \u0645\u062e\u062a\u0644\u0641 \u0627\u0644\u0645\u0647\u0627\u0645\u0651 \u0648\u0627\u0644\u0623\u062d\u062f\u0627\u062b \u0627\u0644\u0647\u0627\u0645\u0651\u0629 \u0648\u0627\u0644\u0639\u0627\u062f\u0627\u062a \u062e\u0644\u0627\u0644 \u0627\u0644\u0634\u0651\u0647\u0631 \ud83d\udcc6 \u0627\u0644\u0635\u0651\u0641\u062d\u0627\u062a \u0627\u0644\u064a\u0648\u0645\u064a\u0651\u0629 \u062a\u062c\u062f\u0648\u0646 \u0641\u064a\u0647\u0627 \u0645\u062e\u062a\u0644\u0641 \u0627\u0644\u062a\u0651\u0641\u0627\u0635\u064a\u0644 \u0627\u0644\u0651\u062a\u064a \u062a\u0633\u0627\u0639\u062f\u0643\u0645 \u0639\u0644\u0649 \u062a\u0646\u0638\u064a\u0645 \u0627\u0644\u0648\u0642\u062a \u062e\u0644\u0627\u0644 \u0627\u0644\u064a\u0648\u0645 \u23f0 \ud83d\udd8d\ufe0f \u0643\u0644\u0651 \u0627\u0644\u0635\u0651\u0641\u062d\u0627\u062a \u0645\u0644\u0648\u0651\u0646\u0629  \ud83d\udd8c\ufe0f \u0643\u0644\u0651 \u0634\u0647\u0631 \u0644\u0647 \u0644\u0648\u0646\u0647 \u0627\u0644\u062e\u0627\u0635\u0651 \u0648\u062a\u0635\u0645\u064a\u0645 \u064a\u0644\u064a\u0642 \u0628\u0647   \u0627\u0644\u062d\u062c\u0645: 15\/21 \u0635\u0645 \u0639\u062f\u062f \u0627\u0644\u0635\u0651\u0641\u062d\u0627\u062a: 416 \u0635\u0641\u062d\u0629 \u0637\u0631\u064a\u0642\u0629 \u0627\u0644\u062a\u0651\u0642\u0633\u064a\u0645: \u064a\u0648\u0645\u064a\u0651\u0629 \u0627\u0644\u0645\u062f\u0651\u0629: \u0639\u0627\u0645 \u0643\u0627\u0645\u0644 \u0627\u0644\u0644\u0651\u063a\u0629: \u0627\u0644\u0639\u0631\u0628\u064a\u0651\u0629\" \/>\n<meta property=\"og:url\" content=\"https:\/\/www.alifbadesign.com\/fr\/produit\/\u0645\u0641\u0643\u0651\u0631\u0629-\u062e\u0637\u0648\u0629-2026-\u064a\u0642\u064a\u0646\/\" \/>\n<meta property=\"og:site_name\" content=\"\u0623\u0644\u0641 \u0628\u0627\u0621 \u0644\u0644\u062a\u0651\u0635\u0645\u064a\u0645\" \/>\n<meta property=\"article:modified_time\" content=\"2026-02-16T14:59:09+00:00\" \/>\n<meta property=\"og:image\" content=\"https:\/\/www.alifbadesign.com\/wp-content\/uploads\/2025\/12\/step1-min-min.jpg\" \/>\n\t<meta property=\"og:image:width\" content=\"1280\" \/>\n\t<meta property=\"og:image:height\" content=\"1920\" \/>\n\t<meta property=\"og:image:type\" content=\"image\/jpeg\" \/>\n<meta name=\"twitter:card\" content=\"summary_large_image\" \/>\n<meta name=\"twitter:label1\" content=\"Dur\u00e9e de lecture estim\u00e9e\" \/>\n\t<meta name=\"twitter:data1\" content=\"1 minute\" \/>\n<script type=\"application\/ld+json\" class=\"yoast-schema-graph\">{\"@context\":\"https:\\\/\\\/schema.org\",\"@graph\":[{\"@type\":\"WebPage\",\"@id\":\"https:\\\/\\\/www.alifbadesign.com\\\/product\\\/%d9%85%d9%81%d9%83%d9%91%d8%b1%d8%a9-%d8%ae%d8%b7%d9%88%d8%a9-2026-%d9%8a%d9%82%d9%8a%d9%86\\\/\",\"url\":\"https:\\\/\\\/www.alifbadesign.com\\\/product\\\/%d9%85%d9%81%d9%83%d9%91%d8%b1%d8%a9-%d8%ae%d8%b7%d9%88%d8%a9-2026-%d9%8a%d9%82%d9%8a%d9%86\\\/\",\"name\":\"\u0645\u0641\u0643\u0651\u0631\u0629 \u062e\u0637\u0648\u0629 2026 (\u064a\u0642\u064a\u0646) - \u0623\u0644\u0641 \u0628\u0627\u0621 \u0644\u0644\u062a\u0651\u0635\u0645\u064a\u0645\",\"isPartOf\":{\"@id\":\"https:\\\/\\\/www.alifbadesign.com\\\/#website\"},\"primaryImageOfPage\":{\"@id\":\"https:\\\/\\\/www.alifbadesign.com\\\/product\\\/%d9%85%d9%81%d9%83%d9%91%d8%b1%d8%a9-%d8%ae%d8%b7%d9%88%d8%a9-2026-%d9%8a%d9%82%d9%8a%d9%86\\\/#primaryimage\"},\"image\":{\"@id\":\"https:\\\/\\\/www.alifbadesign.com\\\/product\\\/%d9%85%d9%81%d9%83%d9%91%d8%b1%d8%a9-%d8%ae%d8%b7%d9%88%d8%a9-2026-%d9%8a%d9%82%d9%8a%d9%86\\\/#primaryimage\"},\"thumbnailUrl\":\"https:\\\/\\\/i0.wp.com\\\/www.alifbadesign.com\\\/wp-content\\\/uploads\\\/2025\\\/12\\\/step1-min-min.jpg?fit=1280%2C1920&ssl=1\",\"datePublished\":\"2025-12-10T12:36:04+00:00\",\"dateModified\":\"2026-02-16T14:59:09+00:00\",\"breadcrumb\":{\"@id\":\"https:\\\/\\\/www.alifbadesign.com\\\/product\\\/%d9%85%d9%81%d9%83%d9%91%d8%b1%d8%a9-%d8%ae%d8%b7%d9%88%d8%a9-2026-%d9%8a%d9%82%d9%8a%d9%86\\\/#breadcrumb\"},\"inLanguage\":\"fr-FR\",\"potentialAction\":[{\"@type\":\"ReadAction\",\"target\":[\"https:\\\/\\\/www.alifbadesign.com\\\/product\\\/%d9%85%d9%81%d9%83%d9%91%d8%b1%d8%a9-%d8%ae%d8%b7%d9%88%d8%a9-2026-%d9%8a%d9%82%d9%8a%d9%86\\\/\"]}]},{\"@type\":\"ImageObject\",\"inLanguage\":\"fr-FR\",\"@id\":\"https:\\\/\\\/www.alifbadesign.com\\\/product\\\/%d9%85%d9%81%d9%83%d9%91%d8%b1%d8%a9-%d8%ae%d8%b7%d9%88%d8%a9-2026-%d9%8a%d9%82%d9%8a%d9%86\\\/#primaryimage\",\"url\":\"https:\\\/\\\/i0.wp.com\\\/www.alifbadesign.com\\\/wp-content\\\/uploads\\\/2025\\\/12\\\/step1-min-min.jpg?fit=1280%2C1920&ssl=1\",\"contentUrl\":\"https:\\\/\\\/i0.wp.com\\\/www.alifbadesign.com\\\/wp-content\\\/uploads\\\/2025\\\/12\\\/step1-min-min.jpg?fit=1280%2C1920&ssl=1\",\"width\":1280,\"height\":1920},{\"@type\":\"BreadcrumbList\",\"@id\":\"https:\\\/\\\/www.alifbadesign.com\\\/product\\\/%d9%85%d9%81%d9%83%d9%91%d8%b1%d8%a9-%d8%ae%d8%b7%d9%88%d8%a9-2026-%d9%8a%d9%82%d9%8a%d9%86\\\/#breadcrumb\",\"itemListElement\":[{\"@type\":\"ListItem\",\"position\":1,\"name\":\"Home\",\"item\":\"https:\\\/\\\/www.alifbadesign.com\\\/\"},{\"@type\":\"ListItem\",\"position\":2,\"name\":\"Shop\",\"item\":\"https:\\\/\\\/www.alifbadesign.com\\\/shop\\\/\"},{\"@type\":\"ListItem\",\"position\":3,\"name\":\"\u0645\u0641\u0643\u0651\u0631\u0629 \u062e\u0637\u0648\u0629 2026 (\u064a\u0642\u064a\u0646)\"}]},{\"@type\":\"WebSite\",\"@id\":\"https:\\\/\\\/www.alifbadesign.com\\\/#website\",\"url\":\"https:\\\/\\\/www.alifbadesign.com\\\/\",\"name\":\"\u0623\u0644\u0641 \u0628\u0627\u0621 \u0644\u0644\u062a\u0651\u0635\u0645\u064a\u0645\",\"description\":\"\u0627\u0644\u0628\u0647\u062c\u0629 \u062a\u0628\u062f\u0623 \u0647\u0646\u0627\",\"publisher\":{\"@id\":\"https:\\\/\\\/www.alifbadesign.com\\\/#organization\"},\"potentialAction\":[{\"@type\":\"SearchAction\",\"target\":{\"@type\":\"EntryPoint\",\"urlTemplate\":\"https:\\\/\\\/www.alifbadesign.com\\\/?s={search_term_string}\"},\"query-input\":{\"@type\":\"PropertyValueSpecification\",\"valueRequired\":true,\"valueName\":\"search_term_string\"}}],\"inLanguage\":\"fr-FR\"},{\"@type\":\"Organization\",\"@id\":\"https:\\\/\\\/www.alifbadesign.com\\\/#organization\",\"name\":\"\u0623\u0644\u0641 \u0628\u0627\u0621 \u0644\u0644\u062a\u0651\u0635\u0645\u064a\u0645\",\"url\":\"https:\\\/\\\/www.alifbadesign.com\\\/\",\"logo\":{\"@type\":\"ImageObject\",\"inLanguage\":\"fr-FR\",\"@id\":\"https:\\\/\\\/www.alifbadesign.com\\\/#\\\/schema\\\/logo\\\/image\\\/\",\"url\":\"https:\\\/\\\/www.alifbadesign.com\\\/wp-content\\\/uploads\\\/2023\\\/11\\\/logoAlifBaDesign.svg\",\"contentUrl\":\"https:\\\/\\\/www.alifbadesign.com\\\/wp-content\\\/uploads\\\/2023\\\/11\\\/logoAlifBaDesign.svg\",\"width\":130,\"height\":28,\"caption\":\"\u0623\u0644\u0641 \u0628\u0627\u0621 \u0644\u0644\u062a\u0651\u0635\u0645\u064a\u0645\"},\"image\":{\"@id\":\"https:\\\/\\\/www.alifbadesign.com\\\/#\\\/schema\\\/logo\\\/image\\\/\"}}]}<\/script>\n<!-- \/ Yoast SEO plugin. -->","yoast_head_json":{"title":"\u0645\u0641\u0643\u0651\u0631\u0629 \u062e\u0637\u0648\u0629 2026 (\u064a\u0642\u064a\u0646) - \u0623\u0644\u0641 \u0628\u0627\u0621 \u0644\u0644\u062a\u0651\u0635\u0645\u064a\u0645","robots":{"index":"index","follow":"follow","max-snippet":"max-snippet:-1","max-image-preview":"max-image-preview:large","max-video-preview":"max-video-preview:-1"},"canonical":"https:\/\/www.alifbadesign.com\/fr\/produit\/\u0645\u0641\u0643\u0651\u0631\u0629-\u062e\u0637\u0648\u0629-2026-\u064a\u0642\u064a\u0646\/","og_locale":"fr_FR","og_type":"article","og_title":"\u0645\u0641\u0643\u0651\u0631\u0629 \u062e\u0637\u0648\u0629 2026 (\u064a\u0642\u064a\u0646) - \u0623\u0644\u0641 \u0628\u0627\u0621 \u0644\u0644\u062a\u0651\u0635\u0645\u064a\u0645","og_description":"\u0645\u0641\u0643\u0651\u0631\u0629 \u062e\u0637\u0648\u0629 \u0647\u064a \u0623\u062f\u0627\u0629 \u062a\u0646\u0638\u064a\u0645 \u0634\u0627\u0645\u0644\u0629 \u0644\u062d\u064a\u0627\u062a\u0643 \u0627\u0644\u064a\u0648\u0645\u064a\u0651\u0629 \u062e\u0637\u0648\u0629 \u0628\u062e\u0637\u0648\u0629. \u0628\u062a\u062f\u0631\u0651\u062c \u0630\u0643\u064a \u064a\u0628\u062f\u0623 \u0645\u0646 \u0627\u0644\u062a\u062e\u0637\u064a\u0637 \u0627\u0644\u0633\u0646\u0648\u064a \u062b\u0645\u0651 \u0627\u0644\u0634\u0647\u0631\u064a \u0641\u0627\u0644\u064a\u0648\u0645\u064a\u060c \u062a\u0645\u0646\u062d\u0643 \u0647\u0630\u0647 \u0627\u0644\u0645\u0641\u0643\u0631\u0629 \u0645\u0633\u0627\u062d\u0629 \u0644\u0645\u062a\u0627\u0628\u0639\u0629 \u0643\u0644 \u062a\u0641\u0627\u0635\u064a\u0644 \u064a\u0648\u0645\u0643 \u0628\u062f\u0642\u0629. \u0635\u064f\u0645\u0651\u0645\u062a \u062e\u0635\u0651\u064a\u0635\u0627 \u0644\u062a\u0633\u0627\u0639\u062f\u0643 \u0639\u0644\u0649 \u062a\u062d\u0642\u064a\u0642 \u0623\u0647\u062f\u0627\u0641\u0643 \u0648\u0625\u062f\u0627\u0631\u0629 \u0648\u0642\u062a\u0643 \u0628\u0643\u0641\u0627\u0621\u0629\u060c \u0645\u0639 \u062a\u0635\u0645\u064a\u0645 \u0639\u0645\u0644\u064a \u0648\u0645\u0628\u0647\u062c \u064a\u064f\u0644\u0647\u0645\u0643 \u0627\u0644\u0627\u0633\u062a\u0645\u0631\u0627\u0631 \u0637\u0648\u0627\u0644 \u0627\u0644\u0639\u0627\u0645.  \u0627\u0644\u0635\u0651\u0641\u062d\u0627\u062a \u0627\u0644\u0633\u0651\u0646\u0648\u064a\u0651\u0629 \u062a\u062c\u062f\u0648\u0646 \u0641\u064a\u0647\u0627 \u0645\u0648\u0627\u0636\u064a\u0639 \u0645\u062e\u062a\u0644\u0641\u0629 \u062a\u0633\u0627\u0639\u062f\u0643\u0645 \u0639\u0644\u0649 \u062a\u062d\u062f\u064a\u062f \u0627\u0644\u062e\u0637\u0648\u0637 \u0627\u0644\u0639\u0631\u064a\u0636\u0629 \u0644\u0644\u0639\u0627\u0645 \u0643\u0644\u0651\u0647 \ud83d\uddd3 \u0627\u0644\u0635\u0651\u0641\u062d\u0627\u062a \u0627\u0644\u0634\u0651\u0647\u0631\u064a\u0651\u0629 \u062a\u0645\u0646\u062d\u0643\u0645 \u0644\u0645\u062d\u0629 \u0634\u0627\u0645\u0644\u0629 \u0639\u0646 \u0645\u062e\u062a\u0644\u0641 \u0627\u0644\u0645\u0647\u0627\u0645\u0651 \u0648\u0627\u0644\u0623\u062d\u062f\u0627\u062b \u0627\u0644\u0647\u0627\u0645\u0651\u0629 \u0648\u0627\u0644\u0639\u0627\u062f\u0627\u062a \u062e\u0644\u0627\u0644 \u0627\u0644\u0634\u0651\u0647\u0631 \ud83d\udcc6 \u0627\u0644\u0635\u0651\u0641\u062d\u0627\u062a \u0627\u0644\u064a\u0648\u0645\u064a\u0651\u0629 \u062a\u062c\u062f\u0648\u0646 \u0641\u064a\u0647\u0627 \u0645\u062e\u062a\u0644\u0641 \u0627\u0644\u062a\u0651\u0641\u0627\u0635\u064a\u0644 \u0627\u0644\u0651\u062a\u064a \u062a\u0633\u0627\u0639\u062f\u0643\u0645 \u0639\u0644\u0649 \u062a\u0646\u0638\u064a\u0645 \u0627\u0644\u0648\u0642\u062a \u062e\u0644\u0627\u0644 \u0627\u0644\u064a\u0648\u0645 \u23f0 \ud83d\udd8d\ufe0f \u0643\u0644\u0651 \u0627\u0644\u0635\u0651\u0641\u062d\u0627\u062a \u0645\u0644\u0648\u0651\u0646\u0629  \ud83d\udd8c\ufe0f \u0643\u0644\u0651 \u0634\u0647\u0631 \u0644\u0647 \u0644\u0648\u0646\u0647 \u0627\u0644\u062e\u0627\u0635\u0651 \u0648\u062a\u0635\u0645\u064a\u0645 \u064a\u0644\u064a\u0642 \u0628\u0647   \u0627\u0644\u062d\u062c\u0645: 15\/21 \u0635\u0645 \u0639\u062f\u062f \u0627\u0644\u0635\u0651\u0641\u062d\u0627\u062a: 416 \u0635\u0641\u062d\u0629 \u0637\u0631\u064a\u0642\u0629 \u0627\u0644\u062a\u0651\u0642\u0633\u064a\u0645: \u064a\u0648\u0645\u064a\u0651\u0629 \u0627\u0644\u0645\u062f\u0651\u0629: \u0639\u0627\u0645 \u0643\u0627\u0645\u0644 \u0627\u0644\u0644\u0651\u063a\u0629: \u0627\u0644\u0639\u0631\u0628\u064a\u0651\u0629","og_url":"https:\/\/www.alifbadesign.com\/fr\/produit\/\u0645\u0641\u0643\u0651\u0631\u0629-\u062e\u0637\u0648\u0629-2026-\u064a\u0642\u064a\u0646\/","og_site_name":"\u0623\u0644\u0641 \u0628\u0627\u0621 \u0644\u0644\u062a\u0651\u0635\u0645\u064a\u0645","article_modified_time":"2026-02-16T14:59:09+00:00","og_image":[{"width":1280,"height":1920,"url":"https:\/\/www.alifbadesign.com\/wp-content\/uploads\/2025\/12\/step1-min-min.jpg","type":"image\/jpeg"}],"twitter_card":"summary_large_image","twitter_misc":{"Dur\u00e9e de lecture estim\u00e9e":"1 minute"},"schema":{"@context":"https:\/\/schema.org","@graph":[{"@type":"WebPage","@id":"https:\/\/www.alifbadesign.com\/product\/%d9%85%d9%81%d9%83%d9%91%d8%b1%d8%a9-%d8%ae%d8%b7%d9%88%d8%a9-2026-%d9%8a%d9%82%d9%8a%d9%86\/","url":"https:\/\/www.alifbadesign.com\/product\/%d9%85%d9%81%d9%83%d9%91%d8%b1%d8%a9-%d8%ae%d8%b7%d9%88%d8%a9-2026-%d9%8a%d9%82%d9%8a%d9%86\/","name":"\u0645\u0641\u0643\u0651\u0631\u0629 \u062e\u0637\u0648\u0629 2026 (\u064a\u0642\u064a\u0646) - \u0623\u0644\u0641 \u0628\u0627\u0621 \u0644\u0644\u062a\u0651\u0635\u0645\u064a\u0645","isPartOf":{"@id":"https:\/\/www.alifbadesign.com\/#website"},"primaryImageOfPage":{"@id":"https:\/\/www.alifbadesign.com\/product\/%d9%85%d9%81%d9%83%d9%91%d8%b1%d8%a9-%d8%ae%d8%b7%d9%88%d8%a9-2026-%d9%8a%d9%82%d9%8a%d9%86\/#primaryimage"},"image":{"@id":"https:\/\/www.alifbadesign.com\/product\/%d9%85%d9%81%d9%83%d9%91%d8%b1%d8%a9-%d8%ae%d8%b7%d9%88%d8%a9-2026-%d9%8a%d9%82%d9%8a%d9%86\/#primaryimage"},"thumbnailUrl":"https:\/\/i0.wp.com\/www.alifbadesign.com\/wp-content\/uploads\/2025\/12\/step1-min-min.jpg?fit=1280%2C1920&ssl=1","datePublished":"2025-12-10T12:36:04+00:00","dateModified":"2026-02-16T14:59:09+00:00","breadcrumb":{"@id":"https:\/\/www.alifbadesign.com\/product\/%d9%85%d9%81%d9%83%d9%91%d8%b1%d8%a9-%d8%ae%d8%b7%d9%88%d8%a9-2026-%d9%8a%d9%82%d9%8a%d9%86\/#breadcrumb"},"inLanguage":"fr-FR","potentialAction":[{"@type":"ReadAction","target":["https:\/\/www.alifbadesign.com\/product\/%d9%85%d9%81%d9%83%d9%91%d8%b1%d8%a9-%d8%ae%d8%b7%d9%88%d8%a9-2026-%d9%8a%d9%82%d9%8a%d9%86\/"]}]},{"@type":"ImageObject","inLanguage":"fr-FR","@id":"https:\/\/www.alifbadesign.com\/product\/%d9%85%d9%81%d9%83%d9%91%d8%b1%d8%a9-%d8%ae%d8%b7%d9%88%d8%a9-2026-%d9%8a%d9%82%d9%8a%d9%86\/#primaryimage","url":"https:\/\/i0.wp.com\/www.alifbadesign.com\/wp-content\/uploads\/2025\/12\/step1-min-min.jpg?fit=1280%2C1920&ssl=1","contentUrl":"https:\/\/i0.wp.com\/www.alifbadesign.com\/wp-content\/uploads\/2025\/12\/step1-min-min.jpg?fit=1280%2C1920&ssl=1","width":1280,"height":1920},{"@type":"BreadcrumbList","@id":"https:\/\/www.alifbadesign.com\/product\/%d9%85%d9%81%d9%83%d9%91%d8%b1%d8%a9-%d8%ae%d8%b7%d9%88%d8%a9-2026-%d9%8a%d9%82%d9%8a%d9%86\/#breadcrumb","itemListElement":[{"@type":"ListItem","position":1,"name":"Home","item":"https:\/\/www.alifbadesign.com\/"},{"@type":"ListItem","position":2,"name":"Shop","item":"https:\/\/www.alifbadesign.com\/shop\/"},{"@type":"ListItem","position":3,"name":"\u0645\u0641\u0643\u0651\u0631\u0629 \u062e\u0637\u0648\u0629 2026 (\u064a\u0642\u064a\u0646)"}]},{"@type":"WebSite","@id":"https:\/\/www.alifbadesign.com\/#website","url":"https:\/\/www.alifbadesign.com\/","name":"AlifBa Design","description":"La joie commence ici","publisher":{"@id":"https:\/\/www.alifbadesign.com\/#organization"},"potentialAction":[{"@type":"SearchAction","target":{"@type":"EntryPoint","urlTemplate":"https:\/\/www.alifbadesign.com\/?s={search_term_string}"},"query-input":{"@type":"PropertyValueSpecification","valueRequired":true,"valueName":"search_term_string"}}],"inLanguage":"fr-FR"},{"@type":"Organization","@id":"https:\/\/www.alifbadesign.com\/#organization","name":"AlifBa Design","url":"https:\/\/www.alifbadesign.com\/","logo":{"@type":"ImageObject","inLanguage":"fr-FR","@id":"https:\/\/www.alifbadesign.com\/#\/schema\/logo\/image\/","url":"https:\/\/www.alifbadesign.com\/wp-content\/uploads\/2023\/11\/logoAlifBaDesign.svg","contentUrl":"https:\/\/www.alifbadesign.com\/wp-content\/uploads\/2023\/11\/logoAlifBaDesign.svg","width":130,"height":28,"caption":"\u0623\u0644\u0641 \u0628\u0627\u0621 \u0644\u0644\u062a\u0651\u0635\u0645\u064a\u0645"},"image":{"@id":"https:\/\/www.alifbadesign.com\/#\/schema\/logo\/image\/"}}]}},"_links":{"self":[{"href":"https:\/\/www.alifbadesign.com\/fr\/wp-json\/wp\/v2\/product\/11443","targetHints":{"allow":["GET"]}}],"collection":[{"href":"https:\/\/www.alifbadesign.com\/fr\/wp-json\/wp\/v2\/product"}],"about":[{"href":"https:\/\/www.alifbadesign.com\/fr\/wp-json\/wp\/v2\/types\/product"}],"wp:featuredmedia":[{"embeddable":true,"href":"https:\/\/www.alifbadesign.com\/fr\/wp-json\/wp\/v2\/media\/11448"}],"wp:attachment":[{"href":"https:\/\/www.alifbadesign.com\/fr\/wp-json\/wp\/v2\/media?parent=11443"}],"wp:term":[{"taxonomy":"product_cat","embeddable":true,"href":"https:\/\/www.alifbadesign.com\/fr\/wp-json\/wp\/v2\/product_cat?post=11443"},{"taxonomy":"product_tag","embeddable":true,"href":"https:\/\/www.alifbadesign.com\/fr\/wp-json\/wp\/v2\/product_tag?post=11443"}],"curies":[{"name":"wp","href":"https:\/\/api.w.org\/{rel}","templated":true}]}}