{"id":10609,"date":"2024-12-13T12:14:31","date_gmt":"2024-12-13T11:14:31","guid":{"rendered":"https:\/\/www.alifbadesign.com\/?post_type=product&#038;p=10609"},"modified":"2025-02-24T11:26:22","modified_gmt":"2025-02-24T10:26:22","slug":"my-receipes","status":"publish","type":"product","link":"https:\/\/www.alifbadesign.com\/fr\/produit\/my-receipes\/","title":{"rendered":"Agenda \"Mes recettes\""},"content":{"rendered":"","protected":false},"excerpt":{"rendered":"<div style=\"font-size: 16px;\">\n<div style=\"margin-bottom: 20px;\">Agenda \"Mes recettes\" est votre compagnon id\u00e9al pour documenter vos recettes les plus d\u00e9licieuses. Avec un design \u00e9l\u00e9gant et organis\u00e9, il vous offre des espaces d\u00e9di\u00e9s pour enregistrer les ingr\u00e9dients, les \u00e9tapes de pr\u00e9paration et vos notes. Rangez vos souvenirs et vos cr\u00e9ations de cuisine au m\u00eame endroit, afin que l'inspiration soit toujours \u00e0 port\u00e9e de main. <\/div>\n<div><span style=\"font-weight:bold\">Dimension:<\/span> 21\/15 cm<\/div>\n<div><span style=\"font-weight:bold\">Nombre de pages:<\/span> 150 Pages<\/div>\n<div><span style=\"font-weight:bold\">Langue:<\/span> Arabe<\/div>\n<\/div>","protected":false},"featured_media":10610,"template":"","meta":{"nf_dc_page":""},"product_cat":[94],"product_tag":[],"class_list":{"0":"post-10609","1":"product","2":"type-product","3":"status-publish","4":"has-post-thumbnail","6":"product_cat-my-recipes","8":"first","9":"instock","10":"shipping-taxable","11":"purchasable","12":"product-type-simple"},"yoast_head":"<!-- This site is optimized with the Yoast SEO plugin v27.4 - https:\/\/yoast.com\/product\/yoast-seo-wordpress\/ -->\n<title>\u0645\u0641\u0643\u0651\u0631\u0629 \u0648\u0635\u0641\u0627\u062a\u064a - \u0623\u0644\u0641 \u0628\u0627\u0621 \u0644\u0644\u062a\u0651\u0635\u0645\u064a\u0645<\/title>\n<meta name=\"robots\" content=\"index, follow, max-snippet:-1, max-image-preview:large, max-video-preview:-1\" \/>\n<link rel=\"canonical\" href=\"https:\/\/www.alifbadesign.com\/fr\/produit\/my-receipes\/\" \/>\n<meta property=\"og:locale\" content=\"fr_FR\" \/>\n<meta property=\"og:type\" content=\"article\" \/>\n<meta property=\"og:title\" content=\"\u0645\u0641\u0643\u0651\u0631\u0629 \u0648\u0635\u0641\u0627\u062a\u064a - \u0623\u0644\u0641 \u0628\u0627\u0621 \u0644\u0644\u062a\u0651\u0635\u0645\u064a\u0645\" \/>\n<meta property=\"og:description\" content=\"\u0645\u0641\u0643\u0651\u0631\u0629 \u0648\u0635\u0641\u0627\u062a\u064a \u0631\u0641\u064a\u0642\u062a\u0643 \u0627\u0644\u0645\u062b\u0627\u0644\u064a\u0629 \u0644\u062a\u0648\u062b\u064a\u0642 \u0623\u0634\u0647\u0649 \u0648\u0635\u0641\u0627\u062a\u0643. \u0628\u062a\u0635\u0645\u064a\u0645 \u0623\u0646\u064a\u0642 \u0648\u0645\u0646\u0638\u0645\u060c \u062a\u0648\u0641\u0631 \u0644\u0643 \u0645\u0633\u0627\u062d\u0627\u062a \u0645\u062e\u0635\u0635\u0629 \u0644\u062a\u0633\u062c\u064a\u0644 \u0627\u0644\u0645\u0643\u0648\u0646\u0627\u062a\u060c \u062e\u0637\u0648\u0627\u062a \u0627\u0644\u062a\u062d\u0636\u064a\u0631\u060c \u0648\u0627\u0644\u0645\u0644\u0627\u062d\u0638\u0627\u062a \u0627\u0644\u062e\u0627\u0635\u0629 \u0628\u0643. \u0627\u062d\u0641\u0638\u064a \u0630\u0643\u0631\u064a\u0627\u062a \u0645\u0637\u0628\u062e\u0643 \u0648\u0625\u0628\u062f\u0627\u0639\u0627\u062a\u0643 \u0641\u064a \u0645\u0643\u0627\u0646 \u0648\u0627\u062d\u062f\u060c \u0644\u064a\u0628\u0642\u0649 \u0627\u0644\u0625\u0644\u0647\u0627\u0645 \u062f\u0627\u0626\u0645\u064b\u0627 \u0641\u064a \u0645\u062a\u0646\u0627\u0648\u0644 \u064a\u062f\u064a\u0643.  \u0627\u0644\u062d\u062c\u0645: 15\/21 \u0635\u0645 \u0639\u062f\u062f \u0627\u0644\u0635\u0651\u0641\u062d\u0627\u062a: 150 \u0635\u0641\u062d\u0629  \u0627\u0644\u0644\u0651\u063a\u0629: \u0627\u0644\u0639\u0631\u0628\u064a\u0651\u0629\" \/>\n<meta property=\"og:url\" content=\"https:\/\/www.alifbadesign.com\/fr\/produit\/my-receipes\/\" \/>\n<meta property=\"og:site_name\" content=\"\u0623\u0644\u0641 \u0628\u0627\u0621 \u0644\u0644\u062a\u0651\u0635\u0645\u064a\u0645\" \/>\n<meta property=\"article:modified_time\" content=\"2025-02-24T10:26:22+00:00\" \/>\n<meta property=\"og:image\" content=\"https:\/\/www.alifbadesign.com\/wp-content\/uploads\/2024\/12\/IMG_1016.jpg\" \/>\n\t<meta property=\"og:image:width\" content=\"5184\" \/>\n\t<meta property=\"og:image:height\" content=\"3456\" \/>\n\t<meta property=\"og:image:type\" content=\"image\/jpeg\" \/>\n<meta name=\"twitter:card\" content=\"summary_large_image\" \/>\n<meta name=\"twitter:label1\" content=\"Dur\u00e9e de lecture estim\u00e9e\" \/>\n\t<meta name=\"twitter:data1\" content=\"1 minute\" \/>\n<script type=\"application\/ld+json\" class=\"yoast-schema-graph\">{\"@context\":\"https:\\\/\\\/schema.org\",\"@graph\":[{\"@type\":\"WebPage\",\"@id\":\"https:\\\/\\\/www.alifbadesign.com\\\/product\\\/my-receipes\\\/\",\"url\":\"https:\\\/\\\/www.alifbadesign.com\\\/product\\\/my-receipes\\\/\",\"name\":\"\u0645\u0641\u0643\u0651\u0631\u0629 \u0648\u0635\u0641\u0627\u062a\u064a - \u0623\u0644\u0641 \u0628\u0627\u0621 \u0644\u0644\u062a\u0651\u0635\u0645\u064a\u0645\",\"isPartOf\":{\"@id\":\"https:\\\/\\\/www.alifbadesign.com\\\/#website\"},\"primaryImageOfPage\":{\"@id\":\"https:\\\/\\\/www.alifbadesign.com\\\/product\\\/my-receipes\\\/#primaryimage\"},\"image\":{\"@id\":\"https:\\\/\\\/www.alifbadesign.com\\\/product\\\/my-receipes\\\/#primaryimage\"},\"thumbnailUrl\":\"https:\\\/\\\/i0.wp.com\\\/www.alifbadesign.com\\\/wp-content\\\/uploads\\\/2024\\\/12\\\/IMG_1016-scaled.jpg?fit=1920%2C1280&ssl=1\",\"datePublished\":\"2024-12-13T11:14:31+00:00\",\"dateModified\":\"2025-02-24T10:26:22+00:00\",\"breadcrumb\":{\"@id\":\"https:\\\/\\\/www.alifbadesign.com\\\/product\\\/my-receipes\\\/#breadcrumb\"},\"inLanguage\":\"fr-FR\",\"potentialAction\":[{\"@type\":\"ReadAction\",\"target\":[\"https:\\\/\\\/www.alifbadesign.com\\\/product\\\/my-receipes\\\/\"]}]},{\"@type\":\"ImageObject\",\"inLanguage\":\"fr-FR\",\"@id\":\"https:\\\/\\\/www.alifbadesign.com\\\/product\\\/my-receipes\\\/#primaryimage\",\"url\":\"https:\\\/\\\/i0.wp.com\\\/www.alifbadesign.com\\\/wp-content\\\/uploads\\\/2024\\\/12\\\/IMG_1016-scaled.jpg?fit=1920%2C1280&ssl=1\",\"contentUrl\":\"https:\\\/\\\/i0.wp.com\\\/www.alifbadesign.com\\\/wp-content\\\/uploads\\\/2024\\\/12\\\/IMG_1016-scaled.jpg?fit=1920%2C1280&ssl=1\",\"width\":1920,\"height\":1280},{\"@type\":\"BreadcrumbList\",\"@id\":\"https:\\\/\\\/www.alifbadesign.com\\\/product\\\/my-receipes\\\/#breadcrumb\",\"itemListElement\":[{\"@type\":\"ListItem\",\"position\":1,\"name\":\"Home\",\"item\":\"https:\\\/\\\/www.alifbadesign.com\\\/\"},{\"@type\":\"ListItem\",\"position\":2,\"name\":\"Shop\",\"item\":\"https:\\\/\\\/www.alifbadesign.com\\\/shop\\\/\"},{\"@type\":\"ListItem\",\"position\":3,\"name\":\"\u0645\u0641\u0643\u0651\u0631\u0629 \u0648\u0635\u0641\u0627\u062a\u064a\"}]},{\"@type\":\"WebSite\",\"@id\":\"https:\\\/\\\/www.alifbadesign.com\\\/#website\",\"url\":\"https:\\\/\\\/www.alifbadesign.com\\\/\",\"name\":\"\u0623\u0644\u0641 \u0628\u0627\u0621 \u0644\u0644\u062a\u0651\u0635\u0645\u064a\u0645\",\"description\":\"\u0627\u0644\u0628\u0647\u062c\u0629 \u062a\u0628\u062f\u0623 \u0647\u0646\u0627\",\"publisher\":{\"@id\":\"https:\\\/\\\/www.alifbadesign.com\\\/#organization\"},\"potentialAction\":[{\"@type\":\"SearchAction\",\"target\":{\"@type\":\"EntryPoint\",\"urlTemplate\":\"https:\\\/\\\/www.alifbadesign.com\\\/?s={search_term_string}\"},\"query-input\":{\"@type\":\"PropertyValueSpecification\",\"valueRequired\":true,\"valueName\":\"search_term_string\"}}],\"inLanguage\":\"fr-FR\"},{\"@type\":\"Organization\",\"@id\":\"https:\\\/\\\/www.alifbadesign.com\\\/#organization\",\"name\":\"\u0623\u0644\u0641 \u0628\u0627\u0621 \u0644\u0644\u062a\u0651\u0635\u0645\u064a\u0645\",\"url\":\"https:\\\/\\\/www.alifbadesign.com\\\/\",\"logo\":{\"@type\":\"ImageObject\",\"inLanguage\":\"fr-FR\",\"@id\":\"https:\\\/\\\/www.alifbadesign.com\\\/#\\\/schema\\\/logo\\\/image\\\/\",\"url\":\"https:\\\/\\\/www.alifbadesign.com\\\/wp-content\\\/uploads\\\/2023\\\/11\\\/logoAlifBaDesign.svg\",\"contentUrl\":\"https:\\\/\\\/www.alifbadesign.com\\\/wp-content\\\/uploads\\\/2023\\\/11\\\/logoAlifBaDesign.svg\",\"width\":130,\"height\":28,\"caption\":\"\u0623\u0644\u0641 \u0628\u0627\u0621 \u0644\u0644\u062a\u0651\u0635\u0645\u064a\u0645\"},\"image\":{\"@id\":\"https:\\\/\\\/www.alifbadesign.com\\\/#\\\/schema\\\/logo\\\/image\\\/\"}}]}<\/script>\n<!-- \/ Yoast SEO plugin. -->","yoast_head_json":{"title":"\u0645\u0641\u0643\u0651\u0631\u0629 \u0648\u0635\u0641\u0627\u062a\u064a - \u0623\u0644\u0641 \u0628\u0627\u0621 \u0644\u0644\u062a\u0651\u0635\u0645\u064a\u0645","robots":{"index":"index","follow":"follow","max-snippet":"max-snippet:-1","max-image-preview":"max-image-preview:large","max-video-preview":"max-video-preview:-1"},"canonical":"https:\/\/www.alifbadesign.com\/fr\/produit\/my-receipes\/","og_locale":"fr_FR","og_type":"article","og_title":"\u0645\u0641\u0643\u0651\u0631\u0629 \u0648\u0635\u0641\u0627\u062a\u064a - \u0623\u0644\u0641 \u0628\u0627\u0621 \u0644\u0644\u062a\u0651\u0635\u0645\u064a\u0645","og_description":"\u0645\u0641\u0643\u0651\u0631\u0629 \u0648\u0635\u0641\u0627\u062a\u064a \u0631\u0641\u064a\u0642\u062a\u0643 \u0627\u0644\u0645\u062b\u0627\u0644\u064a\u0629 \u0644\u062a\u0648\u062b\u064a\u0642 \u0623\u0634\u0647\u0649 \u0648\u0635\u0641\u0627\u062a\u0643. \u0628\u062a\u0635\u0645\u064a\u0645 \u0623\u0646\u064a\u0642 \u0648\u0645\u0646\u0638\u0645\u060c \u062a\u0648\u0641\u0631 \u0644\u0643 \u0645\u0633\u0627\u062d\u0627\u062a \u0645\u062e\u0635\u0635\u0629 \u0644\u062a\u0633\u062c\u064a\u0644 \u0627\u0644\u0645\u0643\u0648\u0646\u0627\u062a\u060c \u062e\u0637\u0648\u0627\u062a \u0627\u0644\u062a\u062d\u0636\u064a\u0631\u060c \u0648\u0627\u0644\u0645\u0644\u0627\u062d\u0638\u0627\u062a \u0627\u0644\u062e\u0627\u0635\u0629 \u0628\u0643. \u0627\u062d\u0641\u0638\u064a \u0630\u0643\u0631\u064a\u0627\u062a \u0645\u0637\u0628\u062e\u0643 \u0648\u0625\u0628\u062f\u0627\u0639\u0627\u062a\u0643 \u0641\u064a \u0645\u0643\u0627\u0646 \u0648\u0627\u062d\u062f\u060c \u0644\u064a\u0628\u0642\u0649 \u0627\u0644\u0625\u0644\u0647\u0627\u0645 \u062f\u0627\u0626\u0645\u064b\u0627 \u0641\u064a \u0645\u062a\u0646\u0627\u0648\u0644 \u064a\u062f\u064a\u0643.  \u0627\u0644\u062d\u062c\u0645: 15\/21 \u0635\u0645 \u0639\u062f\u062f \u0627\u0644\u0635\u0651\u0641\u062d\u0627\u062a: 150 \u0635\u0641\u062d\u0629  \u0627\u0644\u0644\u0651\u063a\u0629: \u0627\u0644\u0639\u0631\u0628\u064a\u0651\u0629","og_url":"https:\/\/www.alifbadesign.com\/fr\/produit\/my-receipes\/","og_site_name":"\u0623\u0644\u0641 \u0628\u0627\u0621 \u0644\u0644\u062a\u0651\u0635\u0645\u064a\u0645","article_modified_time":"2025-02-24T10:26:22+00:00","og_image":[{"width":5184,"height":3456,"url":"https:\/\/www.alifbadesign.com\/wp-content\/uploads\/2024\/12\/IMG_1016.jpg","type":"image\/jpeg"}],"twitter_card":"summary_large_image","twitter_misc":{"Dur\u00e9e de lecture estim\u00e9e":"1 minute"},"schema":{"@context":"https:\/\/schema.org","@graph":[{"@type":"WebPage","@id":"https:\/\/www.alifbadesign.com\/product\/my-receipes\/","url":"https:\/\/www.alifbadesign.com\/product\/my-receipes\/","name":"\u0645\u0641\u0643\u0651\u0631\u0629 \u0648\u0635\u0641\u0627\u062a\u064a - \u0623\u0644\u0641 \u0628\u0627\u0621 \u0644\u0644\u062a\u0651\u0635\u0645\u064a\u0645","isPartOf":{"@id":"https:\/\/www.alifbadesign.com\/#website"},"primaryImageOfPage":{"@id":"https:\/\/www.alifbadesign.com\/product\/my-receipes\/#primaryimage"},"image":{"@id":"https:\/\/www.alifbadesign.com\/product\/my-receipes\/#primaryimage"},"thumbnailUrl":"https:\/\/i0.wp.com\/www.alifbadesign.com\/wp-content\/uploads\/2024\/12\/IMG_1016-scaled.jpg?fit=1920%2C1280&ssl=1","datePublished":"2024-12-13T11:14:31+00:00","dateModified":"2025-02-24T10:26:22+00:00","breadcrumb":{"@id":"https:\/\/www.alifbadesign.com\/product\/my-receipes\/#breadcrumb"},"inLanguage":"fr-FR","potentialAction":[{"@type":"ReadAction","target":["https:\/\/www.alifbadesign.com\/product\/my-receipes\/"]}]},{"@type":"ImageObject","inLanguage":"fr-FR","@id":"https:\/\/www.alifbadesign.com\/product\/my-receipes\/#primaryimage","url":"https:\/\/i0.wp.com\/www.alifbadesign.com\/wp-content\/uploads\/2024\/12\/IMG_1016-scaled.jpg?fit=1920%2C1280&ssl=1","contentUrl":"https:\/\/i0.wp.com\/www.alifbadesign.com\/wp-content\/uploads\/2024\/12\/IMG_1016-scaled.jpg?fit=1920%2C1280&ssl=1","width":1920,"height":1280},{"@type":"BreadcrumbList","@id":"https:\/\/www.alifbadesign.com\/product\/my-receipes\/#breadcrumb","itemListElement":[{"@type":"ListItem","position":1,"name":"Home","item":"https:\/\/www.alifbadesign.com\/"},{"@type":"ListItem","position":2,"name":"Shop","item":"https:\/\/www.alifbadesign.com\/shop\/"},{"@type":"ListItem","position":3,"name":"\u0645\u0641\u0643\u0651\u0631\u0629 \u0648\u0635\u0641\u0627\u062a\u064a"}]},{"@type":"WebSite","@id":"https:\/\/www.alifbadesign.com\/#website","url":"https:\/\/www.alifbadesign.com\/","name":"AlifBa Design","description":"La joie commence ici","publisher":{"@id":"https:\/\/www.alifbadesign.com\/#organization"},"potentialAction":[{"@type":"SearchAction","target":{"@type":"EntryPoint","urlTemplate":"https:\/\/www.alifbadesign.com\/?s={search_term_string}"},"query-input":{"@type":"PropertyValueSpecification","valueRequired":true,"valueName":"search_term_string"}}],"inLanguage":"fr-FR"},{"@type":"Organization","@id":"https:\/\/www.alifbadesign.com\/#organization","name":"AlifBa Design","url":"https:\/\/www.alifbadesign.com\/","logo":{"@type":"ImageObject","inLanguage":"fr-FR","@id":"https:\/\/www.alifbadesign.com\/#\/schema\/logo\/image\/","url":"https:\/\/www.alifbadesign.com\/wp-content\/uploads\/2023\/11\/logoAlifBaDesign.svg","contentUrl":"https:\/\/www.alifbadesign.com\/wp-content\/uploads\/2023\/11\/logoAlifBaDesign.svg","width":130,"height":28,"caption":"\u0623\u0644\u0641 \u0628\u0627\u0621 \u0644\u0644\u062a\u0651\u0635\u0645\u064a\u0645"},"image":{"@id":"https:\/\/www.alifbadesign.com\/#\/schema\/logo\/image\/"}}]}},"_links":{"self":[{"href":"https:\/\/www.alifbadesign.com\/fr\/wp-json\/wp\/v2\/product\/10609","targetHints":{"allow":["GET"]}}],"collection":[{"href":"https:\/\/www.alifbadesign.com\/fr\/wp-json\/wp\/v2\/product"}],"about":[{"href":"https:\/\/www.alifbadesign.com\/fr\/wp-json\/wp\/v2\/types\/product"}],"wp:featuredmedia":[{"embeddable":true,"href":"https:\/\/www.alifbadesign.com\/fr\/wp-json\/wp\/v2\/media\/10610"}],"wp:attachment":[{"href":"https:\/\/www.alifbadesign.com\/fr\/wp-json\/wp\/v2\/media?parent=10609"}],"wp:term":[{"taxonomy":"product_cat","embeddable":true,"href":"https:\/\/www.alifbadesign.com\/fr\/wp-json\/wp\/v2\/product_cat?post=10609"},{"taxonomy":"product_tag","embeddable":true,"href":"https:\/\/www.alifbadesign.com\/fr\/wp-json\/wp\/v2\/product_tag?post=10609"}],"curies":[{"name":"wp","href":"https:\/\/api.w.org\/{rel}","templated":true}]}}